{"id":2311,"date":"2024-03-12T14:17:47","date_gmt":"2024-03-12T14:17:47","guid":{"rendered":"https:\/\/insyte.website\/WordPress\/?page_id=2311"},"modified":"2024-03-12T14:17:48","modified_gmt":"2024-03-12T14:17:48","slug":"activites-pratiques-modeliser-pour-prevoir-et-verifier-les-performances-dynamiques-dun-mecanisme","status":"publish","type":"page","link":"https:\/\/insyte.website\/WordPress\/activites-pratiques-modeliser-pour-prevoir-et-verifier-les-performances-dynamiques-dun-mecanisme\/","title":{"rendered":"Activit\u00e9s Pratiques &#8211; Mod\u00e9liser pour pr\u00e9voir et v\u00e9rifier les performances dynamiques d&rsquo;un m\u00e9canisme"},"content":{"rendered":"<p class=\"has-theme-palette-1-color has-text-color has-large-font-size\"><strong>TGV &ndash; Parachute &ndash; ventilateur<\/strong><\/p>\n\n\n\n<div data-wp-interactive=\"core\/file\" class=\"wp-block-file\"><object data-wp-bind--hidden=\"!state.hasPdfPreview\" hidden class=\"wp-block-file__embed\" data=\"https:\/\/insyte.website\/WordPress\/wp-content\/uploads\/2023\/03\/TD2-PrincipeFondamentaleDynamique.pdf\" type=\"application\/pdf\" style=\"width:100%;height:600px\" aria-label=\"Contenu embarqu&#xE9; TD2-PrincipeFondamentaleDynamique.\"><\/object><a id=\"wp-block-file--media-d9863e56-e828-417d-9a09-3e80ab6c6624\" href=\"https:\/\/insyte.website\/WordPress\/wp-content\/uploads\/2023\/03\/TD2-PrincipeFondamentaleDynamique.pdf\">TD2-PrincipeFondamentaleDynamique<\/a><a href=\"https:\/\/insyte.website\/WordPress\/wp-content\/uploads\/2023\/03\/TD2-PrincipeFondamentaleDynamique.pdf\" class=\"wp-block-file__button wp-element-button\" download aria-describedby=\"wp-block-file--media-d9863e56-e828-417d-9a09-3e80ab6c6624\">T&#xE9;l&#xE9;charger<\/a><\/div>\n\n\n\n<p class=\"has-theme-palette-1-color has-text-color has-large-font-size\"><strong>Mise en orbite de la voiture Tesla par la fus&eacute;e Falcon Heavy<\/strong><\/p>\n\n\n\n<div data-wp-interactive=\"core\/file\" class=\"wp-block-file\"><object data-wp-bind--hidden=\"!state.hasPdfPreview\" hidden class=\"wp-block-file__embed\" data=\"https:\/\/insyte.website\/WordPress\/wp-content\/uploads\/2023\/03\/LancementTeslaFalconHeavyPFD.pdf\" type=\"application\/pdf\" style=\"width:100%;height:600px\" aria-label=\"Contenu embarqu&#xE9; LancementTeslaFalconHeavyPFD.\"><\/object><a id=\"wp-block-file--media-418c3ffe-eb4c-40b0-b360-7473b2314bda\" href=\"https:\/\/insyte.website\/WordPress\/wp-content\/uploads\/2023\/03\/LancementTeslaFalconHeavyPFD.pdf\">LancementTeslaFalconHeavyPFD<\/a><a href=\"https:\/\/insyte.website\/WordPress\/wp-content\/uploads\/2023\/03\/LancementTeslaFalconHeavyPFD.pdf\" class=\"wp-block-file__button wp-element-button\" download aria-describedby=\"wp-block-file--media-418c3ffe-eb4c-40b0-b360-7473b2314bda\">T&#xE9;l&#xE9;charger<\/a><\/div>\n\n\n\n<p class=\"has-theme-palette-1-color has-text-color has-link-color has-large-font-size wp-elements-35d25b57e5f00388fff4fcf0c43c3518\"><strong>Tondeuse robot &ndash; Limiter l&rsquo;ascension de <a class=\"glossaryLink\"  aria-describedby=\"tt\"  data-cmtooltip=\"&lt;div class=glossaryItemTitle&gt;Pente&lt;\/div&gt;&lt;div class=glossaryItemBody&gt;Le mot&nbsp;&amp;lt;strong&amp;gt;pente&amp;lt;\/strong&amp;gt;&nbsp;peut &ecirc;tre employ&eacute; (sans contradiction) dans plusieurs domaines diff&eacute;rents&nbsp;:&amp;lt;br\/&amp;gt;&amp;lt;div class=&amp;quot;wp-block-kadence-rowlayout alignnone&amp;quot;&amp;gt;&amp;lt;div id=&amp;quot;kt-layout-id_f7522f-04&amp;quot; class=&amp;quot;kt-row-layout-inner kt-layout-id_f7522f-04&amp;quot;&amp;gt;&amp;lt;div class=&amp;quot;kt-row-column-wrap kt-has-2-columns kt-gutter-default kt-v-gutter-default kt-row-valign-top kt-row-layout-left-golden kt-tab-layout-inherit kt-m-colapse-left-to-right kt-mobile-layout-row  kt-custom-first-width-50  kt-custom-second-width-50&amp;quot;&amp;gt;&amp;lt;div class=&amp;quot;wp-block-kadence-column inner-column-1 kadence-column_79919d-20&amp;quot;&amp;gt;&amp;lt;div class=&amp;quot;kt-inside-inner-col&amp;quot;&amp;gt;En&nbsp;math&eacute;matiques, la&nbsp;pente&nbsp;est le&amp;lt;strong&amp;gt; coefficient directeur&amp;lt;\/strong&amp;gt; d&amp;#039;une&nbsp;droite&amp;lt;br\/&amp;gt;&amp;lt;div class=&amp;quot;wp-block-kadence-rowlayout alignnone&amp;quot;&amp;gt;&amp;lt;div id=&amp;quot;kt-layout-id_622908-13&amp;quot; class=&amp;quot;kt-row-layout-inner kt-layout-id_622908-13&amp;quot;&amp;gt;&amp;lt;div class=&amp;quot;kt-row-column-wrap kt-has-2-columns kt-gutter-default kt-v-gutter-default kt-row-valign-top kt-row-layout-right-golden kt-tab-layout-inherit kt-m-colapse-left-to-right kt-mobile-layout-row  kt-custom-first-width-15  kt-custom-second-width-85&amp;quot;&amp;gt;&amp;lt;div class=&amp;quot;wp-block-kadence-column inner-column-1 kadence-column_5a1f97-9b&amp;quot;&amp;gt;&amp;lt;div class=&amp;quot;kt-inside-inner-col&amp;quot;&amp;gt;&amp;lt;br\/&amp;gt;\\(a=\\frac{\\Delta y}{\\Delta x}\\)&amp;lt;br\/&amp;gt;&amp;lt;\/div&amp;gt;&amp;lt;\/div&amp;gt;&amp;lt;div class=&amp;quot;wp-block-kadence-column inner-column-2 kadence-column_455fdb-cf&amp;quot;&amp;gt;&amp;lt;div class=&amp;quot;kt-inside-inner-col&amp;quot;&amp;gt;&amp;lt;figure class=&amp;quot;wp-block-image aligncenter size-full&amp;quot;&amp;gt;&amp;lt;\/figure&amp;gt;&amp;lt;\/div&amp;gt;&amp;lt;\/div&amp;gt;&amp;lt;\/div&amp;gt;&amp;lt;\/div&amp;gt;&amp;lt;\/div&amp;gt;&amp;lt;\/div&amp;gt;&amp;lt;\/div&amp;gt;&amp;lt;div class=&amp;quot;wp-block-kadence-column inner-column-2 kadence-column_e15527-d2&amp;quot;&amp;gt;&amp;lt;div(...)&amp;lt;\/div&amp;gt;&amp;lt;\/div&amp;gt;&amp;lt;\/div&amp;gt;&amp;lt;\/div&amp;gt;&amp;lt;\/div&amp;gt;&lt;\/div&gt;\"  href=\"https:\/\/insyte.website\/WordPress\/glossary\/pente\/\"  data-gt-translate-attributes='[{\"attribute\":\"data-cmtooltip\", \"format\":\"html\"}]'>pente<\/a><\/strong><\/p>\n\n\n\n<div data-wp-interactive=\"core\/file\" class=\"wp-block-file\"><object data-wp-bind--hidden=\"!state.hasPdfPreview\" hidden class=\"wp-block-file__embed\" data=\"https:\/\/insyte.website\/WordPress\/wp-content\/uploads\/2024\/03\/limitationPenteTondeuse.pdf\" type=\"application\/pdf\" style=\"width:100%;height:600px\" aria-label=\"Contenu embarqu&#xE9; limitationPenteTondeuse.\"><\/object><a id=\"wp-block-file--media-50ef8f24-2767-47b7-a50c-b0686a068817\" href=\"https:\/\/insyte.website\/WordPress\/wp-content\/uploads\/2024\/03\/limitationPenteTondeuse.pdf\">limitationPenteTondeuse<\/a><a href=\"https:\/\/insyte.website\/WordPress\/wp-content\/uploads\/2024\/03\/limitationPenteTondeuse.pdf\" class=\"wp-block-file__button wp-element-button\" download aria-describedby=\"wp-block-file--media-50ef8f24-2767-47b7-a50c-b0686a068817\">T&#xE9;l&#xE9;charger<\/a><\/div>\n\n\n\n<p class=\"has-theme-palette-1-color has-text-color has-link-color has-large-font-size wp-elements-7dd06c8d09b28404b24cf9032a0dfa11\"><strong>Trappe &ndash; Choix du moteur d&rsquo;entra&icirc;nement et du ressort d&rsquo;assistance<\/strong><\/p>\n\n\n\n<div data-wp-interactive=\"core\/file\" class=\"wp-block-file\"><object data-wp-bind--hidden=\"!state.hasPdfPreview\" hidden class=\"wp-block-file__embed\" data=\"https:\/\/insyte.website\/WordPress\/wp-content\/uploads\/2024\/03\/trappeChoixMoteurEtRessort.pdf\" type=\"application\/pdf\" style=\"width:100%;height:600px\" aria-label=\"Contenu embarqu&#xE9; trappeChoixMoteurEtRessort.\"><\/object><a id=\"wp-block-file--media-e1ca3512-adaa-408f-bc75-e48342dd27e0\" href=\"https:\/\/insyte.website\/WordPress\/wp-content\/uploads\/2024\/03\/trappeChoixMoteurEtRessort.pdf\">trappeChoixMoteurEtRessort<\/a><a href=\"https:\/\/insyte.website\/WordPress\/wp-content\/uploads\/2024\/03\/trappeChoixMoteurEtRessort.pdf\" class=\"wp-block-file__button wp-element-button\" download aria-describedby=\"wp-block-file--media-e1ca3512-adaa-408f-bc75-e48342dd27e0\">T&#xE9;l&#xE9;charger<\/a><\/div>\n\n\n\n<p><\/p>\n","protected":false},"excerpt":{"rendered":"<p>TGV &ndash; Parachute &ndash; ventilateur Mise en orbite de la voiture Tesla par la fus&eacute;e Falcon Heavy Tondeuse robot &ndash; Limiter l&rsquo;ascension de <a class=\"glossaryLink\" aria-describedby=\"tt\" data-cmtooltip=\"&lt;div class=glossaryItemTitle&gt;Pente&lt;\/div&gt;&lt;div class=glossaryItemBody&gt;Le mot&#xA0;&amp;lt;strong&amp;gt;pente&amp;lt;\/strong&amp;gt;&#xA0;peut &#xEA;tre employ&#xE9; (sans contradiction) dans plusieurs domaines diff&#xE9;rents&#xA0;:&amp;lt;br\/&amp;gt;&amp;lt;div class=&amp;quot;wp-block-kadence-rowlayout alignnone&amp;quot;&amp;gt;&amp;lt;div id=&amp;quot;kt-layout-id_f7522f-04&amp;quot; class=&amp;quot;kt-row-layout-inner kt-layout-id_f7522f-04&amp;quot;&amp;gt;&amp;lt;div class=&amp;quot;kt-row-column-wrap kt-has-2-columns kt-gutter-default kt-v-gutter-default kt-row-valign-top kt-row-layout-left-golden kt-tab-layout-inherit kt-m-colapse-left-to-right kt-mobile-layout-row  kt-custom-first-width-50  kt-custom-second-width-50&amp;quot;&amp;gt;&amp;lt;div class=&amp;quot;wp-block-kadence-column inner-column-1 kadence-column_79919d-20&amp;quot;&amp;gt;&amp;lt;div class=&amp;quot;kt-inside-inner-col&amp;quot;&amp;gt;En&#xA0;math&#xE9;matiques, la&#xA0;pente&#xA0;est le&amp;lt;strong&amp;gt; coefficient directeur&amp;lt;\/strong&amp;gt; d&amp;#039;une&#xA0;droite&amp;lt;br\/&amp;gt;&amp;lt;div class=&amp;quot;wp-block-kadence-rowlayout alignnone&amp;quot;&amp;gt;&amp;lt;div id=&amp;quot;kt-layout-id_622908-13&amp;quot; class=&amp;quot;kt-row-layout-inner kt-layout-id_622908-13&amp;quot;&amp;gt;&amp;lt;div class=&amp;quot;kt-row-column-wrap kt-has-2-columns kt-gutter-default kt-v-gutter-default kt-row-valign-top kt-row-layout-right-golden kt-tab-layout-inherit kt-m-colapse-left-to-right kt-mobile-layout-row  kt-custom-first-width-15  kt-custom-second-width-85&amp;quot;&amp;gt;&amp;lt;div class=&amp;quot;wp-block-kadence-column inner-column-1 kadence-column_5a1f97-9b&amp;quot;&amp;gt;&amp;lt;div class=&amp;quot;kt-inside-inner-col&amp;quot;&amp;gt;&amp;lt;br\/&amp;gt;\\(a=\\frac{\\Delta y}{\\Delta x}\\)&amp;lt;br\/&amp;gt;&amp;lt;\/div&amp;gt;&amp;lt;\/div&amp;gt;&amp;lt;div class=&amp;quot;wp-block-kadence-column inner-column-2 kadence-column_455fdb-cf&amp;quot;&amp;gt;&amp;lt;div class=&amp;quot;kt-inside-inner-col&amp;quot;&amp;gt;&amp;lt;figure class=&amp;quot;wp-block-image aligncenter size-full&amp;quot;&amp;gt;&amp;lt;\/figure&amp;gt;&amp;lt;\/div&amp;gt;&amp;lt;\/div&amp;gt;&amp;lt;\/div&amp;gt;&amp;lt;\/div&amp;gt;&amp;lt;\/div&amp;gt;&amp;lt;\/div&amp;gt;&amp;lt;\/div&amp;gt;&amp;lt;div class=&amp;quot;wp-block-kadence-column inner-column-2 kadence-column_e15527-d2&amp;quot;&amp;gt;&amp;lt;div(...)&amp;lt;\/div&amp;gt;&amp;lt;\/div&amp;gt;&amp;lt;\/div&amp;gt;&amp;lt;\/div&amp;gt;&amp;lt;\/div&amp;gt;&lt;\/div&gt;\" href=\"https:\/\/insyte.website\/WordPress\/glossary\/pente\/\" data-gt-translate-attributes='[{\"attribute\":\"data-cmtooltip\", \"format\":\"html\"}]'>pente<\/a> Trappe &ndash; Choix du moteur d&rsquo;entra&icirc;nement et du ressort d&rsquo;assistance<\/p>\n","protected":false},"author":1,"featured_media":0,"parent":0,"menu_order":0,"comment_status":"closed","ping_status":"closed","template":"","meta":{"_kad_post_transparent":"","_kad_post_title":"","_kad_post_layout":"","_kad_post_sidebar_id":"","_kad_post_content_style":"","_kad_post_vertical_padding":"","_kad_post_feature":"","_kad_post_feature_position":"","_kad_post_header":false,"_kad_post_footer":false,"_kad_post_classname":"","footnotes":""},"wf_page_folders":[],"class_list":["post-2311","page","type-page","status-publish","hentry"],"yoast_head":"<!-- This site is optimized with the Yoast SEO plugin v27.5 - https:\/\/yoast.com\/product\/yoast-seo-wordpress\/ -->\n<title>Activit\u00e9s Pratiques - Mod\u00e9liser pour pr\u00e9voir et v\u00e9rifier les performances dynamiques d&#039;un m\u00e9canisme - Insyte.website<\/title>\n<meta name=\"robots\" content=\"index, follow, max-snippet:-1, max-image-preview:large, max-video-preview:-1\" \/>\n<link rel=\"canonical\" href=\"https:\/\/insyte.website\/WordPress\/activites-pratiques-modeliser-pour-prevoir-et-verifier-les-performances-dynamiques-dun-mecanisme\/\" \/>\n<meta property=\"og:locale\" content=\"fr_FR\" \/>\n<meta property=\"og:type\" content=\"article\" \/>\n<meta property=\"og:title\" content=\"Activit\u00e9s Pratiques - Mod\u00e9liser pour pr\u00e9voir et v\u00e9rifier les performances dynamiques d&#039;un m\u00e9canisme - Insyte.website\" \/>\n<meta property=\"og:description\" content=\"TGV &ndash; Parachute &ndash; ventilateur Mise en orbite de la voiture Tesla par la fus&eacute;e Falcon Heavy Tondeuse robot &ndash; Limiter l&rsquo;ascension de pente Trappe &ndash; Choix du moteur d&rsquo;entra&icirc;nement et du ressort d&rsquo;assistance\" \/>\n<meta property=\"og:url\" content=\"https:\/\/insyte.website\/WordPress\/activites-pratiques-modeliser-pour-prevoir-et-verifier-les-performances-dynamiques-dun-mecanisme\/\" \/>\n<meta property=\"og:site_name\" content=\"Insyte.website\" \/>\n<meta property=\"article:modified_time\" content=\"2024-03-12T14:17:48+00:00\" \/>\n<meta name=\"twitter:card\" content=\"summary_large_image\" \/>\n<script type=\"application\/ld+json\" class=\"yoast-schema-graph\">{\"@context\":\"https:\\\/\\\/schema.org\",\"@graph\":[{\"@type\":\"WebPage\",\"@id\":\"https:\\\/\\\/insyte.website\\\/WordPress\\\/activites-pratiques-modeliser-pour-prevoir-et-verifier-les-performances-dynamiques-dun-mecanisme\\\/\",\"url\":\"https:\\\/\\\/insyte.website\\\/WordPress\\\/activites-pratiques-modeliser-pour-prevoir-et-verifier-les-performances-dynamiques-dun-mecanisme\\\/\",\"name\":\"Activit\u00e9s Pratiques - Mod\u00e9liser pour pr\u00e9voir et v\u00e9rifier les performances dynamiques d'un m\u00e9canisme - Insyte.website\",\"isPartOf\":{\"@id\":\"https:\\\/\\\/insyte.website\\\/WordPress\\\/#website\"},\"datePublished\":\"2024-03-12T14:17:47+00:00\",\"dateModified\":\"2024-03-12T14:17:48+00:00\",\"breadcrumb\":{\"@id\":\"https:\\\/\\\/insyte.website\\\/WordPress\\\/activites-pratiques-modeliser-pour-prevoir-et-verifier-les-performances-dynamiques-dun-mecanisme\\\/#breadcrumb\"},\"inLanguage\":\"fr-FR\",\"potentialAction\":[{\"@type\":\"ReadAction\",\"target\":[\"https:\\\/\\\/insyte.website\\\/WordPress\\\/activites-pratiques-modeliser-pour-prevoir-et-verifier-les-performances-dynamiques-dun-mecanisme\\\/\"]}]},{\"@type\":\"BreadcrumbList\",\"@id\":\"https:\\\/\\\/insyte.website\\\/WordPress\\\/activites-pratiques-modeliser-pour-prevoir-et-verifier-les-performances-dynamiques-dun-mecanisme\\\/#breadcrumb\",\"itemListElement\":[{\"@type\":\"ListItem\",\"position\":1,\"name\":\"Home\",\"item\":\"https:\\\/\\\/insyte.website\\\/WordPress\\\/\"},{\"@type\":\"ListItem\",\"position\":2,\"name\":\"Activit\u00e9s Pratiques &#8211; Mod\u00e9liser pour pr\u00e9voir et v\u00e9rifier les performances dynamiques d&rsquo;un m\u00e9canisme\"}]},{\"@type\":\"WebSite\",\"@id\":\"https:\\\/\\\/insyte.website\\\/WordPress\\\/#website\",\"url\":\"https:\\\/\\\/insyte.website\\\/WordPress\\\/\",\"name\":\"Insyte.website\",\"description\":\"Tout est simple \u00e0 qui fait l&#039;effort de comprendre...\",\"publisher\":{\"@id\":\"https:\\\/\\\/insyte.website\\\/WordPress\\\/#organization\"},\"potentialAction\":[{\"@type\":\"SearchAction\",\"target\":{\"@type\":\"EntryPoint\",\"urlTemplate\":\"https:\\\/\\\/insyte.website\\\/WordPress\\\/?s={search_term_string}\"},\"query-input\":{\"@type\":\"PropertyValueSpecification\",\"valueRequired\":true,\"valueName\":\"search_term_string\"}}],\"inLanguage\":\"fr-FR\"},{\"@type\":\"Organization\",\"@id\":\"https:\\\/\\\/insyte.website\\\/WordPress\\\/#organization\",\"name\":\"Insyte.website\",\"url\":\"https:\\\/\\\/insyte.website\\\/WordPress\\\/\",\"logo\":{\"@type\":\"ImageObject\",\"inLanguage\":\"fr-FR\",\"@id\":\"https:\\\/\\\/insyte.website\\\/WordPress\\\/#\\\/schema\\\/logo\\\/image\\\/\",\"url\":\"https:\\\/\\\/insyte.website\\\/WordPress\\\/wp-content\\\/uploads\\\/2022\\\/09\\\/cropped-InSyTeRogne400px.jpg\",\"contentUrl\":\"https:\\\/\\\/insyte.website\\\/WordPress\\\/wp-content\\\/uploads\\\/2022\\\/09\\\/cropped-InSyTeRogne400px.jpg\",\"width\":400,\"height\":160,\"caption\":\"Insyte.website\"},\"image\":{\"@id\":\"https:\\\/\\\/insyte.website\\\/WordPress\\\/#\\\/schema\\\/logo\\\/image\\\/\"}}]}<\/script>\n<!-- \/ Yoast SEO plugin. -->","yoast_head_json":{"title":"Activit\u00e9s Pratiques - Mod\u00e9liser pour pr\u00e9voir et v\u00e9rifier les performances dynamiques d'un m\u00e9canisme - Insyte.website","robots":{"index":"index","follow":"follow","max-snippet":"max-snippet:-1","max-image-preview":"max-image-preview:large","max-video-preview":"max-video-preview:-1"},"canonical":"https:\/\/insyte.website\/WordPress\/activites-pratiques-modeliser-pour-prevoir-et-verifier-les-performances-dynamiques-dun-mecanisme\/","og_locale":"fr_FR","og_type":"article","og_title":"Activit\u00e9s Pratiques - Mod\u00e9liser pour pr\u00e9voir et v\u00e9rifier les performances dynamiques d'un m\u00e9canisme - Insyte.website","og_description":"TGV &ndash; Parachute &ndash; ventilateur Mise en orbite de la voiture Tesla par la fus&eacute;e Falcon Heavy Tondeuse robot &ndash; Limiter l&rsquo;ascension de pente Trappe &ndash; Choix du moteur d&rsquo;entra&icirc;nement et du ressort d&rsquo;assistance","og_url":"https:\/\/insyte.website\/WordPress\/activites-pratiques-modeliser-pour-prevoir-et-verifier-les-performances-dynamiques-dun-mecanisme\/","og_site_name":"Insyte.website","article_modified_time":"2024-03-12T14:17:48+00:00","twitter_card":"summary_large_image","schema":{"@context":"https:\/\/schema.org","@graph":[{"@type":"WebPage","@id":"https:\/\/insyte.website\/WordPress\/activites-pratiques-modeliser-pour-prevoir-et-verifier-les-performances-dynamiques-dun-mecanisme\/","url":"https:\/\/insyte.website\/WordPress\/activites-pratiques-modeliser-pour-prevoir-et-verifier-les-performances-dynamiques-dun-mecanisme\/","name":"Activit\u00e9s Pratiques - Mod\u00e9liser pour pr\u00e9voir et v\u00e9rifier les performances dynamiques d'un m\u00e9canisme - Insyte.website","isPartOf":{"@id":"https:\/\/insyte.website\/WordPress\/#website"},"datePublished":"2024-03-12T14:17:47+00:00","dateModified":"2024-03-12T14:17:48+00:00","breadcrumb":{"@id":"https:\/\/insyte.website\/WordPress\/activites-pratiques-modeliser-pour-prevoir-et-verifier-les-performances-dynamiques-dun-mecanisme\/#breadcrumb"},"inLanguage":"fr-FR","potentialAction":[{"@type":"ReadAction","target":["https:\/\/insyte.website\/WordPress\/activites-pratiques-modeliser-pour-prevoir-et-verifier-les-performances-dynamiques-dun-mecanisme\/"]}]},{"@type":"BreadcrumbList","@id":"https:\/\/insyte.website\/WordPress\/activites-pratiques-modeliser-pour-prevoir-et-verifier-les-performances-dynamiques-dun-mecanisme\/#breadcrumb","itemListElement":[{"@type":"ListItem","position":1,"name":"Home","item":"https:\/\/insyte.website\/WordPress\/"},{"@type":"ListItem","position":2,"name":"Activit\u00e9s Pratiques &#8211; Mod\u00e9liser pour pr\u00e9voir et v\u00e9rifier les performances dynamiques d&rsquo;un m\u00e9canisme"}]},{"@type":"WebSite","@id":"https:\/\/insyte.website\/WordPress\/#website","url":"https:\/\/insyte.website\/WordPress\/","name":"Insyte.website","description":"Tout est simple \u00e0 qui fait l&#039;effort de comprendre...","publisher":{"@id":"https:\/\/insyte.website\/WordPress\/#organization"},"potentialAction":[{"@type":"SearchAction","target":{"@type":"EntryPoint","urlTemplate":"https:\/\/insyte.website\/WordPress\/?s={search_term_string}"},"query-input":{"@type":"PropertyValueSpecification","valueRequired":true,"valueName":"search_term_string"}}],"inLanguage":"fr-FR"},{"@type":"Organization","@id":"https:\/\/insyte.website\/WordPress\/#organization","name":"Insyte.website","url":"https:\/\/insyte.website\/WordPress\/","logo":{"@type":"ImageObject","inLanguage":"fr-FR","@id":"https:\/\/insyte.website\/WordPress\/#\/schema\/logo\/image\/","url":"https:\/\/insyte.website\/WordPress\/wp-content\/uploads\/2022\/09\/cropped-InSyTeRogne400px.jpg","contentUrl":"https:\/\/insyte.website\/WordPress\/wp-content\/uploads\/2022\/09\/cropped-InSyTeRogne400px.jpg","width":400,"height":160,"caption":"Insyte.website"},"image":{"@id":"https:\/\/insyte.website\/WordPress\/#\/schema\/logo\/image\/"}}]}},"_links":{"self":[{"href":"https:\/\/insyte.website\/WordPress\/wp-json\/wp\/v2\/pages\/2311","targetHints":{"allow":["GET"]}}],"collection":[{"href":"https:\/\/insyte.website\/WordPress\/wp-json\/wp\/v2\/pages"}],"about":[{"href":"https:\/\/insyte.website\/WordPress\/wp-json\/wp\/v2\/types\/page"}],"author":[{"embeddable":true,"href":"https:\/\/insyte.website\/WordPress\/wp-json\/wp\/v2\/users\/1"}],"replies":[{"embeddable":true,"href":"https:\/\/insyte.website\/WordPress\/wp-json\/wp\/v2\/comments?post=2311"}],"version-history":[{"count":1,"href":"https:\/\/insyte.website\/WordPress\/wp-json\/wp\/v2\/pages\/2311\/revisions"}],"predecessor-version":[{"id":2314,"href":"https:\/\/insyte.website\/WordPress\/wp-json\/wp\/v2\/pages\/2311\/revisions\/2314"}],"wp:attachment":[{"href":"https:\/\/insyte.website\/WordPress\/wp-json\/wp\/v2\/media?parent=2311"}],"wp:term":[{"taxonomy":"wf_page_folders","embeddable":true,"href":"https:\/\/insyte.website\/WordPress\/wp-json\/wp\/v2\/wf_page_folders?post=2311"}],"curies":[{"name":"wp","href":"https:\/\/api.w.org\/{rel}","templated":true}]}}