{"id":2208,"date":"2023-09-27T09:27:15","date_gmt":"2023-09-27T09:27:15","guid":{"rendered":"https:\/\/insyte.website\/WordPress\/?page_id=2208"},"modified":"2026-01-27T20:42:45","modified_gmt":"2026-01-27T20:42:45","slug":"analyser-et-modeliser-la-chaine-de-solides-realisant-la-transmission-mecanique-dans-la-chaine-denergie-3","status":"publish","type":"page","link":"https:\/\/insyte.website\/WordPress\/analyser-et-modeliser-la-chaine-de-solides-realisant-la-transmission-mecanique-dans-la-chaine-denergie-3\/","title":{"rendered":"Analyser et mod\u00e9liser la cha\u00eene de solides r\u00e9alisant la transmission m\u00e9canique dans la cha\u00eene d\u2019\u00e9nergie"},"content":{"rendered":"<div class=\"wp-block-buttons is-layout-flex wp-block-buttons-is-layout-flex\">\n<div class=\"wp-block-button\"><a class=\"wp-block-button__link has-medium-font-size has-custom-font-size wp-element-button\"><strong>COURS<\/strong><\/a><\/div>\n<\/div>\n\n\n\n<div data-wp-interactive=\"core\/file\" class=\"wp-block-file\"><object data-wp-bind--hidden=\"!state.hasPdfPreview\" hidden class=\"wp-block-file__embed\" data=\"https:\/\/insyte.website\/WordPress\/wp-content\/uploads\/2026\/01\/Transmetteurs_de_puissance___Bac_SI.pdf\" type=\"application\/pdf\" style=\"width:100%;height:600px\" aria-label=\"Contenu embarqu&#xE9; Transmetteurs_de_puissance___Bac_SI.\"><\/object><a id=\"wp-block-file--media-6a743fe6-a229-4739-9db2-f6b1469f1153\" href=\"https:\/\/insyte.website\/WordPress\/wp-content\/uploads\/2026\/01\/Transmetteurs_de_puissance___Bac_SI.pdf\">Transmetteurs_de_puissance___Bac_SI<\/a><a href=\"https:\/\/insyte.website\/WordPress\/wp-content\/uploads\/2026\/01\/Transmetteurs_de_puissance___Bac_SI.pdf\" class=\"wp-block-file__button wp-element-button\" download aria-describedby=\"wp-block-file--media-6a743fe6-a229-4739-9db2-f6b1469f1153\">T&#xE9;l&#xE9;charger<\/a><\/div>\n\n\n\n<div class=\"wp-block-buttons is-layout-flex wp-block-buttons-is-layout-flex\">\n<div class=\"wp-block-button\"><a class=\"wp-block-button__link wp-element-button\">TRAVAUX DIRIG&#xC9;S<\/a><\/div>\n<\/div>\n\n\n\n<p class=\"has-theme-palette-1-color has-text-color has-medium-font-size\">Travail dirig&eacute; 1<\/p>\n\n\n\n<div data-wp-interactive=\"core\/file\" class=\"wp-block-file\"><object data-wp-bind--hidden=\"!state.hasPdfPreview\" hidden class=\"wp-block-file__embed\" data=\"https:\/\/insyte.website\/WordPress\/wp-content\/uploads\/2023\/09\/tdLoisEntreeSortieMecanismeTransmission1.pdf\" type=\"application\/pdf\" style=\"width:100%;height:600px\" aria-label=\"Contenu embarqu&#xE9; tdLoisEntreeSortieMecanismeTransmission1.\"><\/object><a id=\"wp-block-file--media-015aa906-71bb-47e2-b36f-a8708f788e78\" href=\"https:\/\/insyte.website\/WordPress\/wp-content\/uploads\/2023\/09\/tdLoisEntreeSortieMecanismeTransmission1.pdf\">tdLoisEntreeSortieMecanismeTransmission1<\/a><a href=\"https:\/\/insyte.website\/WordPress\/wp-content\/uploads\/2023\/09\/tdLoisEntreeSortieMecanismeTransmission1.pdf\" class=\"wp-block-file__button wp-element-button\" download aria-describedby=\"wp-block-file--media-015aa906-71bb-47e2-b36f-a8708f788e78\">T&#xE9;l&#xE9;charger<\/a><\/div>\n\n\n\n<p class=\"has-theme-palette-1-color has-text-color has-medium-font-size\">Travail dirig&eacute; 2<\/p>\n\n\n\n<div data-wp-interactive=\"core\/file\" class=\"wp-block-file\"><object data-wp-bind--hidden=\"!state.hasPdfPreview\" hidden class=\"wp-block-file__embed\" data=\"https:\/\/insyte.website\/WordPress\/wp-content\/uploads\/2023\/11\/TD__Loi_Entree___sortie_mecanisme_transmission-1.pdf\" type=\"application\/pdf\" style=\"width:100%;height:600px\" aria-label=\"Contenu embarqu&#xE9; TD__Loi_Entree___sortie_mecanisme_transmission-1.\"><\/object><a id=\"wp-block-file--media-029d1fae-350f-47e4-8755-709220bb43c4\" href=\"https:\/\/insyte.website\/WordPress\/wp-content\/uploads\/2023\/11\/TD__Loi_Entree___sortie_mecanisme_transmission-1.pdf\">TD__Loi_Entree___sortie_mecanisme_transmission-1<\/a><a href=\"https:\/\/insyte.website\/WordPress\/wp-content\/uploads\/2023\/11\/TD__Loi_Entree___sortie_mecanisme_transmission-1.pdf\" class=\"wp-block-file__button wp-element-button\" download aria-describedby=\"wp-block-file--media-029d1fae-350f-47e4-8755-709220bb43c4\">T&#xE9;l&#xE9;charger<\/a><\/div>\n\n\n\n<p class=\"has-theme-palette-1-color has-text-color has-medium-font-size\">Travail dirig&eacute; 3<\/p>\n\n\n\n<div data-wp-interactive=\"core\/file\" class=\"wp-block-file\"><object data-wp-bind--hidden=\"!state.hasPdfPreview\" hidden class=\"wp-block-file__embed\" data=\"https:\/\/insyte.website\/WordPress\/wp-content\/uploads\/2023\/11\/TD__Loi_Entree___sortie_mecanisme_tapis_de_course.pdf\" type=\"application\/pdf\" style=\"width:100%;height:600px\" aria-label=\"Contenu embarqu&#xE9; TD__Loi_Entree___sortie_mecanisme_tapis_de_course.\"><\/object><a id=\"wp-block-file--media-863251d9-f37b-497a-b3a9-1d39fa098d25\" href=\"https:\/\/insyte.website\/WordPress\/wp-content\/uploads\/2023\/11\/TD__Loi_Entree___sortie_mecanisme_tapis_de_course.pdf\">TD__Loi_Entree___sortie_mecanisme_tapis_de_course<\/a><a href=\"https:\/\/insyte.website\/WordPress\/wp-content\/uploads\/2023\/11\/TD__Loi_Entree___sortie_mecanisme_tapis_de_course.pdf\" class=\"wp-block-file__button wp-element-button\" download aria-describedby=\"wp-block-file--media-863251d9-f37b-497a-b3a9-1d39fa098d25\">T&#xE9;l&#xE9;charger<\/a><\/div>\n","protected":false},"excerpt":{"rendered":"<p>Travail dirig&eacute; 1 Travail dirig&eacute; 2 Travail dirig&eacute; 3<\/p>\n","protected":false},"author":1,"featured_media":0,"parent":0,"menu_order":0,"comment_status":"closed","ping_status":"closed","template":"","meta":{"_kad_post_transparent":"","_kad_post_title":"","_kad_post_layout":"","_kad_post_sidebar_id":"","_kad_post_content_style":"","_kad_post_vertical_padding":"","_kad_post_feature":"","_kad_post_feature_position":"","_kad_post_header":false,"_kad_post_footer":false,"_kad_post_classname":"","footnotes":""},"wf_page_folders":[],"class_list":["post-2208","page","type-page","status-publish","hentry"],"yoast_head":"<!-- This site is optimized with the Yoast SEO plugin v27.5 - https:\/\/yoast.com\/product\/yoast-seo-wordpress\/ -->\n<title>Analyser et mod\u00e9liser la cha\u00eene de solides r\u00e9alisant la transmission m\u00e9canique dans la cha\u00eene d\u2019\u00e9nergie - Insyte.website<\/title>\n<meta name=\"robots\" content=\"index, follow, max-snippet:-1, max-image-preview:large, max-video-preview:-1\" \/>\n<link rel=\"canonical\" href=\"https:\/\/insyte.website\/WordPress\/analyser-et-modeliser-la-chaine-de-solides-realisant-la-transmission-mecanique-dans-la-chaine-denergie-3\/\" \/>\n<meta property=\"og:locale\" content=\"fr_FR\" \/>\n<meta property=\"og:type\" content=\"article\" \/>\n<meta property=\"og:title\" content=\"Analyser et mod\u00e9liser la cha\u00eene de solides r\u00e9alisant la transmission m\u00e9canique dans la cha\u00eene d\u2019\u00e9nergie - Insyte.website\" \/>\n<meta property=\"og:description\" content=\"Travail dirig&eacute; 1 Travail dirig&eacute; 2 Travail dirig&eacute; 3\" \/>\n<meta property=\"og:url\" content=\"https:\/\/insyte.website\/WordPress\/analyser-et-modeliser-la-chaine-de-solides-realisant-la-transmission-mecanique-dans-la-chaine-denergie-3\/\" \/>\n<meta property=\"og:site_name\" content=\"Insyte.website\" \/>\n<meta property=\"article:modified_time\" content=\"2026-01-27T20:42:45+00:00\" \/>\n<meta name=\"twitter:card\" content=\"summary_large_image\" \/>\n<script type=\"application\/ld+json\" class=\"yoast-schema-graph\">{\"@context\":\"https:\\\/\\\/schema.org\",\"@graph\":[{\"@type\":\"WebPage\",\"@id\":\"https:\\\/\\\/insyte.website\\\/WordPress\\\/analyser-et-modeliser-la-chaine-de-solides-realisant-la-transmission-mecanique-dans-la-chaine-denergie-3\\\/\",\"url\":\"https:\\\/\\\/insyte.website\\\/WordPress\\\/analyser-et-modeliser-la-chaine-de-solides-realisant-la-transmission-mecanique-dans-la-chaine-denergie-3\\\/\",\"name\":\"Analyser et mod\u00e9liser la cha\u00eene de solides r\u00e9alisant la transmission m\u00e9canique dans la cha\u00eene d\u2019\u00e9nergie - Insyte.website\",\"isPartOf\":{\"@id\":\"https:\\\/\\\/insyte.website\\\/WordPress\\\/#website\"},\"datePublished\":\"2023-09-27T09:27:15+00:00\",\"dateModified\":\"2026-01-27T20:42:45+00:00\",\"breadcrumb\":{\"@id\":\"https:\\\/\\\/insyte.website\\\/WordPress\\\/analyser-et-modeliser-la-chaine-de-solides-realisant-la-transmission-mecanique-dans-la-chaine-denergie-3\\\/#breadcrumb\"},\"inLanguage\":\"fr-FR\",\"potentialAction\":[{\"@type\":\"ReadAction\",\"target\":[\"https:\\\/\\\/insyte.website\\\/WordPress\\\/analyser-et-modeliser-la-chaine-de-solides-realisant-la-transmission-mecanique-dans-la-chaine-denergie-3\\\/\"]}]},{\"@type\":\"BreadcrumbList\",\"@id\":\"https:\\\/\\\/insyte.website\\\/WordPress\\\/analyser-et-modeliser-la-chaine-de-solides-realisant-la-transmission-mecanique-dans-la-chaine-denergie-3\\\/#breadcrumb\",\"itemListElement\":[{\"@type\":\"ListItem\",\"position\":1,\"name\":\"Home\",\"item\":\"https:\\\/\\\/insyte.website\\\/WordPress\\\/\"},{\"@type\":\"ListItem\",\"position\":2,\"name\":\"Analyser et mod\u00e9liser la cha\u00eene de solides r\u00e9alisant la transmission m\u00e9canique dans la cha\u00eene d\u2019\u00e9nergie\"}]},{\"@type\":\"WebSite\",\"@id\":\"https:\\\/\\\/insyte.website\\\/WordPress\\\/#website\",\"url\":\"https:\\\/\\\/insyte.website\\\/WordPress\\\/\",\"name\":\"Insyte.website\",\"description\":\"Tout est simple \u00e0 qui fait l&#039;effort de comprendre...\",\"publisher\":{\"@id\":\"https:\\\/\\\/insyte.website\\\/WordPress\\\/#organization\"},\"potentialAction\":[{\"@type\":\"SearchAction\",\"target\":{\"@type\":\"EntryPoint\",\"urlTemplate\":\"https:\\\/\\\/insyte.website\\\/WordPress\\\/?s={search_term_string}\"},\"query-input\":{\"@type\":\"PropertyValueSpecification\",\"valueRequired\":true,\"valueName\":\"search_term_string\"}}],\"inLanguage\":\"fr-FR\"},{\"@type\":\"Organization\",\"@id\":\"https:\\\/\\\/insyte.website\\\/WordPress\\\/#organization\",\"name\":\"Insyte.website\",\"url\":\"https:\\\/\\\/insyte.website\\\/WordPress\\\/\",\"logo\":{\"@type\":\"ImageObject\",\"inLanguage\":\"fr-FR\",\"@id\":\"https:\\\/\\\/insyte.website\\\/WordPress\\\/#\\\/schema\\\/logo\\\/image\\\/\",\"url\":\"https:\\\/\\\/insyte.website\\\/WordPress\\\/wp-content\\\/uploads\\\/2022\\\/09\\\/cropped-InSyTeRogne400px.jpg\",\"contentUrl\":\"https:\\\/\\\/insyte.website\\\/WordPress\\\/wp-content\\\/uploads\\\/2022\\\/09\\\/cropped-InSyTeRogne400px.jpg\",\"width\":400,\"height\":160,\"caption\":\"Insyte.website\"},\"image\":{\"@id\":\"https:\\\/\\\/insyte.website\\\/WordPress\\\/#\\\/schema\\\/logo\\\/image\\\/\"}}]}<\/script>\n<!-- \/ Yoast SEO plugin. -->","yoast_head_json":{"title":"Analyser et mod\u00e9liser la cha\u00eene de solides r\u00e9alisant la transmission m\u00e9canique dans la cha\u00eene d\u2019\u00e9nergie - Insyte.website","robots":{"index":"index","follow":"follow","max-snippet":"max-snippet:-1","max-image-preview":"max-image-preview:large","max-video-preview":"max-video-preview:-1"},"canonical":"https:\/\/insyte.website\/WordPress\/analyser-et-modeliser-la-chaine-de-solides-realisant-la-transmission-mecanique-dans-la-chaine-denergie-3\/","og_locale":"fr_FR","og_type":"article","og_title":"Analyser et mod\u00e9liser la cha\u00eene de solides r\u00e9alisant la transmission m\u00e9canique dans la cha\u00eene d\u2019\u00e9nergie - Insyte.website","og_description":"Travail dirig&eacute; 1 Travail dirig&eacute; 2 Travail dirig&eacute; 3","og_url":"https:\/\/insyte.website\/WordPress\/analyser-et-modeliser-la-chaine-de-solides-realisant-la-transmission-mecanique-dans-la-chaine-denergie-3\/","og_site_name":"Insyte.website","article_modified_time":"2026-01-27T20:42:45+00:00","twitter_card":"summary_large_image","schema":{"@context":"https:\/\/schema.org","@graph":[{"@type":"WebPage","@id":"https:\/\/insyte.website\/WordPress\/analyser-et-modeliser-la-chaine-de-solides-realisant-la-transmission-mecanique-dans-la-chaine-denergie-3\/","url":"https:\/\/insyte.website\/WordPress\/analyser-et-modeliser-la-chaine-de-solides-realisant-la-transmission-mecanique-dans-la-chaine-denergie-3\/","name":"Analyser et mod\u00e9liser la cha\u00eene de solides r\u00e9alisant la transmission m\u00e9canique dans la cha\u00eene d\u2019\u00e9nergie - Insyte.website","isPartOf":{"@id":"https:\/\/insyte.website\/WordPress\/#website"},"datePublished":"2023-09-27T09:27:15+00:00","dateModified":"2026-01-27T20:42:45+00:00","breadcrumb":{"@id":"https:\/\/insyte.website\/WordPress\/analyser-et-modeliser-la-chaine-de-solides-realisant-la-transmission-mecanique-dans-la-chaine-denergie-3\/#breadcrumb"},"inLanguage":"fr-FR","potentialAction":[{"@type":"ReadAction","target":["https:\/\/insyte.website\/WordPress\/analyser-et-modeliser-la-chaine-de-solides-realisant-la-transmission-mecanique-dans-la-chaine-denergie-3\/"]}]},{"@type":"BreadcrumbList","@id":"https:\/\/insyte.website\/WordPress\/analyser-et-modeliser-la-chaine-de-solides-realisant-la-transmission-mecanique-dans-la-chaine-denergie-3\/#breadcrumb","itemListElement":[{"@type":"ListItem","position":1,"name":"Home","item":"https:\/\/insyte.website\/WordPress\/"},{"@type":"ListItem","position":2,"name":"Analyser et mod\u00e9liser la cha\u00eene de solides r\u00e9alisant la transmission m\u00e9canique dans la cha\u00eene d\u2019\u00e9nergie"}]},{"@type":"WebSite","@id":"https:\/\/insyte.website\/WordPress\/#website","url":"https:\/\/insyte.website\/WordPress\/","name":"Insyte.website","description":"Tout est simple \u00e0 qui fait l&#039;effort de comprendre...","publisher":{"@id":"https:\/\/insyte.website\/WordPress\/#organization"},"potentialAction":[{"@type":"SearchAction","target":{"@type":"EntryPoint","urlTemplate":"https:\/\/insyte.website\/WordPress\/?s={search_term_string}"},"query-input":{"@type":"PropertyValueSpecification","valueRequired":true,"valueName":"search_term_string"}}],"inLanguage":"fr-FR"},{"@type":"Organization","@id":"https:\/\/insyte.website\/WordPress\/#organization","name":"Insyte.website","url":"https:\/\/insyte.website\/WordPress\/","logo":{"@type":"ImageObject","inLanguage":"fr-FR","@id":"https:\/\/insyte.website\/WordPress\/#\/schema\/logo\/image\/","url":"https:\/\/insyte.website\/WordPress\/wp-content\/uploads\/2022\/09\/cropped-InSyTeRogne400px.jpg","contentUrl":"https:\/\/insyte.website\/WordPress\/wp-content\/uploads\/2022\/09\/cropped-InSyTeRogne400px.jpg","width":400,"height":160,"caption":"Insyte.website"},"image":{"@id":"https:\/\/insyte.website\/WordPress\/#\/schema\/logo\/image\/"}}]}},"_links":{"self":[{"href":"https:\/\/insyte.website\/WordPress\/wp-json\/wp\/v2\/pages\/2208","targetHints":{"allow":["GET"]}}],"collection":[{"href":"https:\/\/insyte.website\/WordPress\/wp-json\/wp\/v2\/pages"}],"about":[{"href":"https:\/\/insyte.website\/WordPress\/wp-json\/wp\/v2\/types\/page"}],"author":[{"embeddable":true,"href":"https:\/\/insyte.website\/WordPress\/wp-json\/wp\/v2\/users\/1"}],"replies":[{"embeddable":true,"href":"https:\/\/insyte.website\/WordPress\/wp-json\/wp\/v2\/comments?post=2208"}],"version-history":[{"count":5,"href":"https:\/\/insyte.website\/WordPress\/wp-json\/wp\/v2\/pages\/2208\/revisions"}],"predecessor-version":[{"id":2423,"href":"https:\/\/insyte.website\/WordPress\/wp-json\/wp\/v2\/pages\/2208\/revisions\/2423"}],"wp:attachment":[{"href":"https:\/\/insyte.website\/WordPress\/wp-json\/wp\/v2\/media?parent=2208"}],"wp:term":[{"taxonomy":"wf_page_folders","embeddable":true,"href":"https:\/\/insyte.website\/WordPress\/wp-json\/wp\/v2\/wf_page_folders?post=2208"}],"curies":[{"name":"wp","href":"https:\/\/api.w.org\/{rel}","templated":true}]}}