{"id":2035,"date":"2023-03-08T16:46:52","date_gmt":"2023-03-08T16:46:52","guid":{"rendered":"https:\/\/insyte.website\/WordPress\/?page_id=2035"},"modified":"2024-03-08T15:19:35","modified_gmt":"2024-03-08T15:19:35","slug":"cours-modeliser-pour-prevoir-et-verifier-les-performances-dynamiques-dun-mecanisme","status":"publish","type":"page","link":"https:\/\/insyte.website\/WordPress\/cours-modeliser-pour-prevoir-et-verifier-les-performances-dynamiques-dun-mecanisme\/","title":{"rendered":"Cours &#8211; Mod\u00e9liser pour pr\u00e9voir et v\u00e9rifier les performances dynamiques d&rsquo;un m\u00e9canisme"},"content":{"rendered":"<p class=\"has-theme-palette-1-color has-text-color has-medium-font-size\"><strong>Principe fondamental de la dynamique<\/strong><\/p>\n\n\n\n<div data-wp-interactive=\"core\/file\" class=\"wp-block-file\"><object data-wp-bind--hidden=\"!state.hasPdfPreview\" hidden class=\"wp-block-file__embed\" data=\"https:\/\/insyte.website\/WordPress\/wp-content\/uploads\/2024\/03\/Principe_fondamental_de_la_dynamique_cours.pdf\" type=\"application\/pdf\" style=\"width:100%;height:600px\" aria-label=\"Contenu embarqu&#xE9; Principe_fondamental_de_la_dynamique_cours.\"><\/object><a id=\"wp-block-file--media-188a4508-5552-422f-8bd9-f0f41a8e0329\" href=\"https:\/\/insyte.website\/WordPress\/wp-content\/uploads\/2024\/03\/Principe_fondamental_de_la_dynamique_cours.pdf\">Principe_fondamental_de_la_dynamique_cours<\/a><a href=\"https:\/\/insyte.website\/WordPress\/wp-content\/uploads\/2024\/03\/Principe_fondamental_de_la_dynamique_cours.pdf\" class=\"wp-block-file__button wp-element-button\" download aria-describedby=\"wp-block-file--media-188a4508-5552-422f-8bd9-f0f41a8e0329\">T&#xE9;l&#xE9;charger<\/a><\/div>\n\n\n\n<p class=\"has-theme-palette-1-color has-text-color has-medium-font-size\"><strong>Matrices de moments d&rsquo;<a class=\"glossaryLink\"  aria-describedby=\"tt\"  data-cmtooltip=\"&lt;div class=glossaryItemTitle&gt;Moment d&amp;rsquo;inertie&lt;\/div&gt;&lt;div class=glossaryItemBody&gt;&amp;lt;em&amp;gt;Mn&eacute;motechnique : les masses sont fain&eacute;antes .... les inerties aussi !!&amp;lt;\/em&amp;gt;&amp;lt;br\/&amp;gt;Le moment d&amp;#039;inertie \\(J \\)ou \\( I\\) caract&eacute;rise la r&eacute;partition des masses par rapport &agrave; un axe de rotation. On parle de(...)&lt;iframe width=&#039;380&#039; height=&#039;214&#039; src=&#039;https:\/\/www.youtube.com\/embed\/iGZTXWQI5Sc&#039; title=&#039;volants inertie mat&eacute;riaux diff&eacute;rents&#039; frameborder=&#039;0&#039; allow=&#039;accelerometer; autoplay; clipboard-write; encrypted-media; gyroscope; picture-in-picture&#039; allowfullscreen&gt;&lt;\/iframe&gt;&lt;\/div&gt;\"  href=\"https:\/\/insyte.website\/WordPress\/glossary\/moment-dinertie\/\"  data-gt-translate-attributes='[{\"attribute\":\"data-cmtooltip\", \"format\":\"html\"}]'>inertie<\/a><\/strong><\/p>\n\n\n\n<div data-wp-interactive=\"core\/file\" class=\"wp-block-file\"><object data-wp-bind--hidden=\"!state.hasPdfPreview\" hidden class=\"wp-block-file__embed\" data=\"https:\/\/insyte.website\/WordPress\/wp-content\/uploads\/2023\/03\/matriceMomentInertie.pdf\" type=\"application\/pdf\" style=\"width:100%;height:600px\" aria-label=\"Contenu embarqu&#xE9; matriceMomentInertie.\"><\/object><a id=\"wp-block-file--media-00130da2-b9dc-49fc-b287-6a5f3f660b9c\" href=\"https:\/\/insyte.website\/WordPress\/wp-content\/uploads\/2023\/03\/matriceMomentInertie.pdf\">matriceMomentInertie<\/a><a href=\"https:\/\/insyte.website\/WordPress\/wp-content\/uploads\/2023\/03\/matriceMomentInertie.pdf\" class=\"wp-block-file__button wp-element-button\" download aria-describedby=\"wp-block-file--media-00130da2-b9dc-49fc-b287-6a5f3f660b9c\">T&#xE9;l&#xE9;charger<\/a><\/div>\n\n\n\n<p class=\"has-theme-palette-1-color has-text-color has-medium-font-size\"><strong>Adh&eacute;rence et glissement : <a class=\"glossaryLink\"  aria-describedby=\"tt\"  data-cmtooltip=\"&lt;div class=glossaryItemTitle&gt;Loi de Coulomb&lt;\/div&gt;&lt;div class=glossaryItemBody&gt;Il s&amp;#039;agit ici de la loi de Coulomb r&eacute;gissant les ph&eacute;nom&egrave;nes de d&amp;#039;adh&eacute;rence et de glissement de deux mat&eacute;riaux l&amp;#039;un contre l&amp;#039;autre.&amp;lt;br\/&amp;gt;&amp;lt;div class=&amp;quot;wp-block-kadence-rowlayout alignnone&amp;quot;&amp;gt;&amp;lt;div id=&amp;quot;kt-layout-id_a6c7d4-4d&amp;quot; class=&amp;quot;kt-row-layout-inner kt-layout-id_a6c7d4-4d&amp;quot;&amp;gt;&amp;lt;div class=&amp;quot;kt-row-column-wrap kt-has-2-columns kt-gutter-default kt-v-gutter-default kt-row-valign-top kt-row-layout-right-golden kt-tab-layout-inherit kt-m-colapse-left-to-right kt-mobile-layout-row&amp;quot;&amp;gt;&amp;lt;div class=&amp;quot;wp-block-kadence-column inner-column-1 kadence-column_1ad775-9e&amp;quot;&amp;gt;&amp;lt;div class=&amp;quot;kt-inside-inner-col&amp;quot;&amp;gt;&amp;lt;\/div&amp;gt;&amp;lt;\/div&amp;gt;&amp;lt;div class=&amp;quot;wp-block-kadence-column inner-column-2 kadence-column_1dfc1e-bb&amp;quot;&amp;gt;&amp;lt;div class=&amp;quot;kt-inside-inner-col&amp;quot;&amp;gt;&amp;lt;figure class=&amp;quot;wp-block-embed is-type-video is-provider-youtube wp-block-embed-youtube wp-embed-aspect-16-9 wp-has-aspect-ratio&amp;quot;&amp;gt;&amp;lt;div class=&amp;quot;wp-block-embed__wrapper&amp;quot;&amp;gt;https:\/\/youtu.be\/N2ntC94zLC8?list=PLC4_GKbD2s7spDVcIgdxthMzpP00tVlyY&amp;lt;\/div&amp;gt;&amp;lt;\/figure&amp;gt;&amp;lt;\/div&amp;gt;&amp;lt;\/div&amp;gt;&amp;lt;\/div&amp;gt;&amp;lt;\/div&amp;gt;&amp;lt;\/div&amp;gt;&lt;\/div&gt;\"  href=\"https:\/\/insyte.website\/WordPress\/glossary\/loi-de-coulomb\/\"  data-gt-translate-attributes='[{\"attribute\":\"data-cmtooltip\", \"format\":\"html\"}]'>loi de Coulomb<\/a><\/strong><\/p>\n\n\n\n<div data-wp-interactive=\"core\/file\" class=\"wp-block-file\"><object data-wp-bind--hidden=\"!state.hasPdfPreview\" hidden class=\"wp-block-file__embed\" data=\"https:\/\/insyte.website\/WordPress\/wp-content\/uploads\/2023\/03\/AdherenceGlissement20230312-1.pdf\" type=\"application\/pdf\" style=\"width:100%;height:600px\" aria-label=\"Contenu embarqu&#xE9; AdherenceGlissement20230312-1.\"><\/object><a id=\"wp-block-file--media-3751941d-8c4d-475d-85d3-b2efc737a49d\" href=\"https:\/\/insyte.website\/WordPress\/wp-content\/uploads\/2023\/03\/AdherenceGlissement20230312-1.pdf\">AdherenceGlissement20230312-1<\/a><a href=\"https:\/\/insyte.website\/WordPress\/wp-content\/uploads\/2023\/03\/AdherenceGlissement20230312-1.pdf\" class=\"wp-block-file__button wp-element-button\" download aria-describedby=\"wp-block-file--media-3751941d-8c4d-475d-85d3-b2efc737a49d\">T&#xE9;l&#xE9;charger<\/a><\/div>\n","protected":false},"excerpt":{"rendered":"<p>Principe fondamental de la dynamique Matrices de moments d&rsquo;<a class=\"glossaryLink\" aria-describedby=\"tt\" data-cmtooltip=\"&lt;div class=glossaryItemTitle&gt;Moment d&amp;rsquo;inertie&lt;\/div&gt;&lt;div class=glossaryItemBody&gt;&amp;lt;em&amp;gt;Mn&#xE9;motechnique : les masses sont fain&#xE9;antes .... les inerties aussi !!&amp;lt;\/em&amp;gt;&amp;lt;br\/&amp;gt;Le moment d&amp;#039;inertie \\(J \\)ou \\( I\\) caract&#xE9;rise la r&#xE9;partition des masses par rapport &#xE0; un axe de rotation. On parle de(...)&lt;iframe width='380' height='214' src='https:\/\/www.youtube.com\/embed\/iGZTXWQI5Sc' title='volants inertie mat&#xE9;riaux diff&#xE9;rents' frameborder='0' allow='accelerometer; autoplay; clipboard-write; encrypted-media; gyroscope; picture-in-picture' allowfullscreen&gt;&lt;\/iframe&gt;&lt;\/div&gt;\" href=\"https:\/\/insyte.website\/WordPress\/glossary\/moment-dinertie\/\" data-gt-translate-attributes='[{\"attribute\":\"data-cmtooltip\", \"format\":\"html\"}]'>inertie<\/a> Adh&eacute;rence et glissement : <a class=\"glossaryLink\" aria-describedby=\"tt\" data-cmtooltip=\"&lt;div class=glossaryItemTitle&gt;Loi de Coulomb&lt;\/div&gt;&lt;div class=glossaryItemBody&gt;Il s&amp;#039;agit ici de la loi de Coulomb r&#xE9;gissant les ph&#xE9;nom&#xE8;nes de d&amp;#039;adh&#xE9;rence et de glissement de deux mat&#xE9;riaux l&amp;#039;un contre l&amp;#039;autre.&amp;lt;br\/&amp;gt;&amp;lt;div class=&amp;quot;wp-block-kadence-rowlayout alignnone&amp;quot;&amp;gt;&amp;lt;div id=&amp;quot;kt-layout-id_a6c7d4-4d&amp;quot; class=&amp;quot;kt-row-layout-inner kt-layout-id_a6c7d4-4d&amp;quot;&amp;gt;&amp;lt;div class=&amp;quot;kt-row-column-wrap kt-has-2-columns kt-gutter-default kt-v-gutter-default kt-row-valign-top kt-row-layout-right-golden kt-tab-layout-inherit kt-m-colapse-left-to-right kt-mobile-layout-row&amp;quot;&amp;gt;&amp;lt;div class=&amp;quot;wp-block-kadence-column inner-column-1 kadence-column_1ad775-9e&amp;quot;&amp;gt;&amp;lt;div class=&amp;quot;kt-inside-inner-col&amp;quot;&amp;gt;&amp;lt;\/div&amp;gt;&amp;lt;\/div&amp;gt;&amp;lt;div class=&amp;quot;wp-block-kadence-column inner-column-2 kadence-column_1dfc1e-bb&amp;quot;&amp;gt;&amp;lt;div class=&amp;quot;kt-inside-inner-col&amp;quot;&amp;gt;&amp;lt;figure class=&amp;quot;wp-block-embed is-type-video is-provider-youtube wp-block-embed-youtube wp-embed-aspect-16-9 wp-has-aspect-ratio&amp;quot;&amp;gt;&amp;lt;div class=&amp;quot;wp-block-embed__wrapper&amp;quot;&amp;gt;https:\/\/youtu.be\/N2ntC94zLC8?list=PLC4_GKbD2s7spDVcIgdxthMzpP00tVlyY&amp;lt;\/div&amp;gt;&amp;lt;\/figure&amp;gt;&amp;lt;\/div&amp;gt;&amp;lt;\/div&amp;gt;&amp;lt;\/div&amp;gt;&amp;lt;\/div&amp;gt;&amp;lt;\/div&amp;gt;&lt;\/div&gt;\" href=\"https:\/\/insyte.website\/WordPress\/glossary\/loi-de-coulomb\/\" data-gt-translate-attributes='[{\"attribute\":\"data-cmtooltip\", \"format\":\"html\"}]'>loi de Coulomb<\/a><\/p>\n","protected":false},"author":1,"featured_media":0,"parent":0,"menu_order":0,"comment_status":"closed","ping_status":"closed","template":"","meta":{"_kad_post_transparent":"","_kad_post_title":"","_kad_post_layout":"","_kad_post_sidebar_id":"","_kad_post_content_style":"","_kad_post_vertical_padding":"","_kad_post_feature":"","_kad_post_feature_position":"","_kad_post_header":false,"_kad_post_footer":false,"_kad_post_classname":"","footnotes":""},"wf_page_folders":[38,16],"class_list":["post-2035","page","type-page","status-publish","hentry"],"yoast_head":"<!-- This site is optimized with the Yoast SEO plugin v27.5 - https:\/\/yoast.com\/product\/yoast-seo-wordpress\/ -->\n<title>Cours - Mod\u00e9liser pour pr\u00e9voir et v\u00e9rifier les performances dynamiques d&#039;un m\u00e9canisme - Insyte.website<\/title>\n<meta name=\"robots\" content=\"index, follow, max-snippet:-1, max-image-preview:large, max-video-preview:-1\" \/>\n<link rel=\"canonical\" href=\"https:\/\/insyte.website\/WordPress\/cours-modeliser-pour-prevoir-et-verifier-les-performances-dynamiques-dun-mecanisme\/\" \/>\n<meta property=\"og:locale\" content=\"fr_FR\" \/>\n<meta property=\"og:type\" content=\"article\" \/>\n<meta property=\"og:title\" content=\"Cours - Mod\u00e9liser pour pr\u00e9voir et v\u00e9rifier les performances dynamiques d&#039;un m\u00e9canisme - Insyte.website\" \/>\n<meta property=\"og:description\" content=\"Principe fondamental de la dynamique Matrices de moments d&rsquo;inertie Adh&eacute;rence et glissement : loi de Coulomb\" \/>\n<meta property=\"og:url\" content=\"https:\/\/insyte.website\/WordPress\/cours-modeliser-pour-prevoir-et-verifier-les-performances-dynamiques-dun-mecanisme\/\" \/>\n<meta property=\"og:site_name\" content=\"Insyte.website\" \/>\n<meta property=\"article:modified_time\" content=\"2024-03-08T15:19:35+00:00\" \/>\n<meta name=\"twitter:card\" content=\"summary_large_image\" \/>\n<script type=\"application\/ld+json\" class=\"yoast-schema-graph\">{\"@context\":\"https:\\\/\\\/schema.org\",\"@graph\":[{\"@type\":\"WebPage\",\"@id\":\"https:\\\/\\\/insyte.website\\\/WordPress\\\/cours-modeliser-pour-prevoir-et-verifier-les-performances-dynamiques-dun-mecanisme\\\/\",\"url\":\"https:\\\/\\\/insyte.website\\\/WordPress\\\/cours-modeliser-pour-prevoir-et-verifier-les-performances-dynamiques-dun-mecanisme\\\/\",\"name\":\"Cours - Mod\u00e9liser pour pr\u00e9voir et v\u00e9rifier les performances dynamiques d'un m\u00e9canisme - Insyte.website\",\"isPartOf\":{\"@id\":\"https:\\\/\\\/insyte.website\\\/WordPress\\\/#website\"},\"datePublished\":\"2023-03-08T16:46:52+00:00\",\"dateModified\":\"2024-03-08T15:19:35+00:00\",\"breadcrumb\":{\"@id\":\"https:\\\/\\\/insyte.website\\\/WordPress\\\/cours-modeliser-pour-prevoir-et-verifier-les-performances-dynamiques-dun-mecanisme\\\/#breadcrumb\"},\"inLanguage\":\"fr-FR\",\"potentialAction\":[{\"@type\":\"ReadAction\",\"target\":[\"https:\\\/\\\/insyte.website\\\/WordPress\\\/cours-modeliser-pour-prevoir-et-verifier-les-performances-dynamiques-dun-mecanisme\\\/\"]}]},{\"@type\":\"BreadcrumbList\",\"@id\":\"https:\\\/\\\/insyte.website\\\/WordPress\\\/cours-modeliser-pour-prevoir-et-verifier-les-performances-dynamiques-dun-mecanisme\\\/#breadcrumb\",\"itemListElement\":[{\"@type\":\"ListItem\",\"position\":1,\"name\":\"Home\",\"item\":\"https:\\\/\\\/insyte.website\\\/WordPress\\\/\"},{\"@type\":\"ListItem\",\"position\":2,\"name\":\"Cours &#8211; Mod\u00e9liser pour pr\u00e9voir et v\u00e9rifier les performances dynamiques d&rsquo;un m\u00e9canisme\"}]},{\"@type\":\"WebSite\",\"@id\":\"https:\\\/\\\/insyte.website\\\/WordPress\\\/#website\",\"url\":\"https:\\\/\\\/insyte.website\\\/WordPress\\\/\",\"name\":\"Insyte.website\",\"description\":\"Tout est simple \u00e0 qui fait l&#039;effort de comprendre...\",\"publisher\":{\"@id\":\"https:\\\/\\\/insyte.website\\\/WordPress\\\/#organization\"},\"potentialAction\":[{\"@type\":\"SearchAction\",\"target\":{\"@type\":\"EntryPoint\",\"urlTemplate\":\"https:\\\/\\\/insyte.website\\\/WordPress\\\/?s={search_term_string}\"},\"query-input\":{\"@type\":\"PropertyValueSpecification\",\"valueRequired\":true,\"valueName\":\"search_term_string\"}}],\"inLanguage\":\"fr-FR\"},{\"@type\":\"Organization\",\"@id\":\"https:\\\/\\\/insyte.website\\\/WordPress\\\/#organization\",\"name\":\"Insyte.website\",\"url\":\"https:\\\/\\\/insyte.website\\\/WordPress\\\/\",\"logo\":{\"@type\":\"ImageObject\",\"inLanguage\":\"fr-FR\",\"@id\":\"https:\\\/\\\/insyte.website\\\/WordPress\\\/#\\\/schema\\\/logo\\\/image\\\/\",\"url\":\"https:\\\/\\\/insyte.website\\\/WordPress\\\/wp-content\\\/uploads\\\/2022\\\/09\\\/cropped-InSyTeRogne400px.jpg\",\"contentUrl\":\"https:\\\/\\\/insyte.website\\\/WordPress\\\/wp-content\\\/uploads\\\/2022\\\/09\\\/cropped-InSyTeRogne400px.jpg\",\"width\":400,\"height\":160,\"caption\":\"Insyte.website\"},\"image\":{\"@id\":\"https:\\\/\\\/insyte.website\\\/WordPress\\\/#\\\/schema\\\/logo\\\/image\\\/\"}}]}<\/script>\n<!-- \/ Yoast SEO plugin. -->","yoast_head_json":{"title":"Cours - Mod\u00e9liser pour pr\u00e9voir et v\u00e9rifier les performances dynamiques d'un m\u00e9canisme - Insyte.website","robots":{"index":"index","follow":"follow","max-snippet":"max-snippet:-1","max-image-preview":"max-image-preview:large","max-video-preview":"max-video-preview:-1"},"canonical":"https:\/\/insyte.website\/WordPress\/cours-modeliser-pour-prevoir-et-verifier-les-performances-dynamiques-dun-mecanisme\/","og_locale":"fr_FR","og_type":"article","og_title":"Cours - Mod\u00e9liser pour pr\u00e9voir et v\u00e9rifier les performances dynamiques d'un m\u00e9canisme - Insyte.website","og_description":"Principe fondamental de la dynamique Matrices de moments d&rsquo;inertie Adh&eacute;rence et glissement : loi de Coulomb","og_url":"https:\/\/insyte.website\/WordPress\/cours-modeliser-pour-prevoir-et-verifier-les-performances-dynamiques-dun-mecanisme\/","og_site_name":"Insyte.website","article_modified_time":"2024-03-08T15:19:35+00:00","twitter_card":"summary_large_image","schema":{"@context":"https:\/\/schema.org","@graph":[{"@type":"WebPage","@id":"https:\/\/insyte.website\/WordPress\/cours-modeliser-pour-prevoir-et-verifier-les-performances-dynamiques-dun-mecanisme\/","url":"https:\/\/insyte.website\/WordPress\/cours-modeliser-pour-prevoir-et-verifier-les-performances-dynamiques-dun-mecanisme\/","name":"Cours - Mod\u00e9liser pour pr\u00e9voir et v\u00e9rifier les performances dynamiques d'un m\u00e9canisme - Insyte.website","isPartOf":{"@id":"https:\/\/insyte.website\/WordPress\/#website"},"datePublished":"2023-03-08T16:46:52+00:00","dateModified":"2024-03-08T15:19:35+00:00","breadcrumb":{"@id":"https:\/\/insyte.website\/WordPress\/cours-modeliser-pour-prevoir-et-verifier-les-performances-dynamiques-dun-mecanisme\/#breadcrumb"},"inLanguage":"fr-FR","potentialAction":[{"@type":"ReadAction","target":["https:\/\/insyte.website\/WordPress\/cours-modeliser-pour-prevoir-et-verifier-les-performances-dynamiques-dun-mecanisme\/"]}]},{"@type":"BreadcrumbList","@id":"https:\/\/insyte.website\/WordPress\/cours-modeliser-pour-prevoir-et-verifier-les-performances-dynamiques-dun-mecanisme\/#breadcrumb","itemListElement":[{"@type":"ListItem","position":1,"name":"Home","item":"https:\/\/insyte.website\/WordPress\/"},{"@type":"ListItem","position":2,"name":"Cours &#8211; Mod\u00e9liser pour pr\u00e9voir et v\u00e9rifier les performances dynamiques d&rsquo;un m\u00e9canisme"}]},{"@type":"WebSite","@id":"https:\/\/insyte.website\/WordPress\/#website","url":"https:\/\/insyte.website\/WordPress\/","name":"Insyte.website","description":"Tout est simple \u00e0 qui fait l&#039;effort de comprendre...","publisher":{"@id":"https:\/\/insyte.website\/WordPress\/#organization"},"potentialAction":[{"@type":"SearchAction","target":{"@type":"EntryPoint","urlTemplate":"https:\/\/insyte.website\/WordPress\/?s={search_term_string}"},"query-input":{"@type":"PropertyValueSpecification","valueRequired":true,"valueName":"search_term_string"}}],"inLanguage":"fr-FR"},{"@type":"Organization","@id":"https:\/\/insyte.website\/WordPress\/#organization","name":"Insyte.website","url":"https:\/\/insyte.website\/WordPress\/","logo":{"@type":"ImageObject","inLanguage":"fr-FR","@id":"https:\/\/insyte.website\/WordPress\/#\/schema\/logo\/image\/","url":"https:\/\/insyte.website\/WordPress\/wp-content\/uploads\/2022\/09\/cropped-InSyTeRogne400px.jpg","contentUrl":"https:\/\/insyte.website\/WordPress\/wp-content\/uploads\/2022\/09\/cropped-InSyTeRogne400px.jpg","width":400,"height":160,"caption":"Insyte.website"},"image":{"@id":"https:\/\/insyte.website\/WordPress\/#\/schema\/logo\/image\/"}}]}},"_links":{"self":[{"href":"https:\/\/insyte.website\/WordPress\/wp-json\/wp\/v2\/pages\/2035","targetHints":{"allow":["GET"]}}],"collection":[{"href":"https:\/\/insyte.website\/WordPress\/wp-json\/wp\/v2\/pages"}],"about":[{"href":"https:\/\/insyte.website\/WordPress\/wp-json\/wp\/v2\/types\/page"}],"author":[{"embeddable":true,"href":"https:\/\/insyte.website\/WordPress\/wp-json\/wp\/v2\/users\/1"}],"replies":[{"embeddable":true,"href":"https:\/\/insyte.website\/WordPress\/wp-json\/wp\/v2\/comments?post=2035"}],"version-history":[{"count":5,"href":"https:\/\/insyte.website\/WordPress\/wp-json\/wp\/v2\/pages\/2035\/revisions"}],"predecessor-version":[{"id":2297,"href":"https:\/\/insyte.website\/WordPress\/wp-json\/wp\/v2\/pages\/2035\/revisions\/2297"}],"wp:attachment":[{"href":"https:\/\/insyte.website\/WordPress\/wp-json\/wp\/v2\/media?parent=2035"}],"wp:term":[{"taxonomy":"wf_page_folders","embeddable":true,"href":"https:\/\/insyte.website\/WordPress\/wp-json\/wp\/v2\/wf_page_folders?post=2035"}],"curies":[{"name":"wp","href":"https:\/\/api.w.org\/{rel}","templated":true}]}}