{"id":1923,"date":"2023-01-16T13:09:43","date_gmt":"2023-01-16T13:09:43","guid":{"rendered":"https:\/\/insyte.website\/WordPress\/?page_id=1923"},"modified":"2024-01-18T18:00:37","modified_gmt":"2024-01-18T18:00:37","slug":"td-modeliser-pour-prevoir-les-performances-cinematiques-des-systemes","status":"publish","type":"page","link":"https:\/\/insyte.website\/WordPress\/td-modeliser-pour-prevoir-les-performances-cinematiques-des-systemes\/","title":{"rendered":"TD &#8211; Mod\u00e9liser pour pr\u00e9voir les performances cin\u00e9matiques des syst\u00e8mes"},"content":{"rendered":"<p class=\"has-theme-palette-1-color has-text-color has-medium-font-size\">Turbine &agrave; ailettes &ndash; Calcul du vecteur vitesse par m&eacute;thode de calcul direct<\/p>\n\n\n\n<div data-wp-interactive=\"core\/file\" class=\"wp-block-file\"><object data-wp-bind--hidden=\"!state.hasPdfPreview\" hidden class=\"wp-block-file__embed\" data=\"https:\/\/insyte.website\/WordPress\/wp-content\/uploads\/2023\/01\/travailDirige_CalculVecteurVitesseMethodeCalculDirect.pdf\" type=\"application\/pdf\" style=\"width:100%;height:600px\" aria-label=\"Contenu embarqu&#xE9; travailDirige_CalculVecteurVitesseMethodeCalculDirect.\"><\/object><a id=\"wp-block-file--media-cd0d08d2-b62a-493e-9d38-73437ee9c81b\" href=\"https:\/\/insyte.website\/WordPress\/wp-content\/uploads\/2023\/01\/travailDirige_CalculVecteurVitesseMethodeCalculDirect.pdf\">travailDirige_CalculVecteurVitesseMethodeCalculDirect<\/a><a href=\"https:\/\/insyte.website\/WordPress\/wp-content\/uploads\/2023\/01\/travailDirige_CalculVecteurVitesseMethodeCalculDirect.pdf\" class=\"wp-block-file__button wp-element-button\" download aria-describedby=\"wp-block-file--media-cd0d08d2-b62a-493e-9d38-73437ee9c81b\">T&#xE9;l&#xE9;charger<\/a><\/div>\n\n\n\n<p class=\"has-theme-palette-1-color has-text-color has-medium-font-size\">Applications sur m&eacute;canismes &eacute;l&eacute;mentaires<\/p>\n\n\n\n<div data-wp-interactive=\"core\/file\" class=\"wp-block-file\"><object data-wp-bind--hidden=\"!state.hasPdfPreview\" hidden class=\"wp-block-file__embed\" data=\"https:\/\/insyte.website\/WordPress\/wp-content\/uploads\/2023\/01\/TD_Cinematique_du_POINT_et_du_SOLIDE___applications_elementaires.pdf\" type=\"application\/pdf\" style=\"width:100%;height:600px\" aria-label=\"Contenu embarqu&#xE9; TD_Cinematique_du_POINT_et_du_SOLIDE___applications_elementaires.\"><\/object><a id=\"wp-block-file--media-3aefbb34-62b2-4640-a272-e62cc0610025\" href=\"https:\/\/insyte.website\/WordPress\/wp-content\/uploads\/2023\/01\/TD_Cinematique_du_POINT_et_du_SOLIDE___applications_elementaires.pdf\">TD_Cinematique_du_POINT_et_du_SOLIDE___applications_elementaires<\/a><a href=\"https:\/\/insyte.website\/WordPress\/wp-content\/uploads\/2023\/01\/TD_Cinematique_du_POINT_et_du_SOLIDE___applications_elementaires.pdf\" class=\"wp-block-file__button wp-element-button\" download aria-describedby=\"wp-block-file--media-3aefbb34-62b2-4640-a272-e62cc0610025\">T&#xE9;l&#xE9;charger<\/a><\/div>\n\n\n\n<p class=\"has-theme-palette-1-color has-text-color has-medium-font-size\">Calcul de vitesses et acc&eacute;l&eacute;rations par m&eacute;thode de calcul direct du point mat&eacute;riel<\/p>\n\n\n\n<div data-wp-interactive=\"core\/file\" class=\"wp-block-file\"><object data-wp-bind--hidden=\"!state.hasPdfPreview\" hidden class=\"wp-block-file__embed\" data=\"https:\/\/insyte.website\/WordPress\/wp-content\/uploads\/2023\/01\/TD_Cinematique_du_point_Eolienne.pdf\" type=\"application\/pdf\" style=\"width:100%;height:600px\" aria-label=\"Contenu embarqu&#xE9; TD_Cinematique_du_point_Eolienne.\"><\/object><a id=\"wp-block-file--media-766d2cdc-119b-4e8b-89a2-a0141030d0c6\" href=\"https:\/\/insyte.website\/WordPress\/wp-content\/uploads\/2023\/01\/TD_Cinematique_du_point_Eolienne.pdf\">TD_Cinematique_du_point_Eolienne<\/a><a href=\"https:\/\/insyte.website\/WordPress\/wp-content\/uploads\/2023\/01\/TD_Cinematique_du_point_Eolienne.pdf\" class=\"wp-block-file__button wp-element-button\" download aria-describedby=\"wp-block-file--media-766d2cdc-119b-4e8b-89a2-a0141030d0c6\">T&#xE9;l&#xE9;charger<\/a><\/div>\n\n\n\n<p class=\"has-theme-palette-1-color has-text-color has-medium-font-size\">Calcul de vitesses par les outils de cin&eacute;matique du solide.<\/p>\n\n\n\n<div data-wp-interactive=\"core\/file\" class=\"wp-block-file\"><object data-wp-bind--hidden=\"!state.hasPdfPreview\" hidden class=\"wp-block-file__embed\" data=\"https:\/\/insyte.website\/WordPress\/wp-content\/uploads\/2023\/01\/TD_Cinematique_du_SOLIDE_Eolienne_et_Echelle_de_Pompier.pdf\" type=\"application\/pdf\" style=\"width:100%;height:600px\" aria-label=\"Contenu embarqu&#xE9; TD_Cinematique_du_SOLIDE_Eolienne_et_Echelle_de_Pompier.\"><\/object><a id=\"wp-block-file--media-5b057df9-df86-4660-b4b9-28beca80f6f5\" href=\"https:\/\/insyte.website\/WordPress\/wp-content\/uploads\/2023\/01\/TD_Cinematique_du_SOLIDE_Eolienne_et_Echelle_de_Pompier.pdf\">TD_Cinematique_du_SOLIDE_Eolienne_et_Echelle_de_Pompier<\/a><a href=\"https:\/\/insyte.website\/WordPress\/wp-content\/uploads\/2023\/01\/TD_Cinematique_du_SOLIDE_Eolienne_et_Echelle_de_Pompier.pdf\" class=\"wp-block-file__button wp-element-button\" download aria-describedby=\"wp-block-file--media-5b057df9-df86-4660-b4b9-28beca80f6f5\">T&#xE9;l&#xE9;charger<\/a><\/div>\n\n\n\n<p class=\"has-theme-palette-1-color has-text-color has-link-color has-medium-font-size wp-elements-e00bfd3a80f312cd4ef64087d9fb9c04\">TD1 V&eacute;rifier les performances cin&eacute;matiques &ndash; g&eacute;n&eacute;ralit&eacute;s<\/p>\n\n\n\n<div data-wp-interactive=\"core\/file\" class=\"wp-block-file\"><object data-wp-bind--hidden=\"!state.hasPdfPreview\" hidden class=\"wp-block-file__embed\" data=\"https:\/\/insyte.website\/WordPress\/wp-content\/uploads\/2024\/01\/TD1_verifier_Performance_Cinematique.pdf\" type=\"application\/pdf\" style=\"width:100%;height:600px\" aria-label=\"Contenu embarqu&#xE9; TD1_verifier_Performance_Cinematique.\"><\/object><a id=\"wp-block-file--media-5c2106d8-cbb0-47bb-935d-c7c534a6641f\" href=\"https:\/\/insyte.website\/WordPress\/wp-content\/uploads\/2024\/01\/TD1_verifier_Performance_Cinematique.pdf\">TD1_verifier_Performance_Cinematique<\/a><a href=\"https:\/\/insyte.website\/WordPress\/wp-content\/uploads\/2024\/01\/TD1_verifier_Performance_Cinematique.pdf\" class=\"wp-block-file__button wp-element-button\" download aria-describedby=\"wp-block-file--media-5c2106d8-cbb0-47bb-935d-c7c534a6641f\">T&#xE9;l&#xE9;charger<\/a><\/div>\n\n\n\n<p>TD2 Cin&eacute;matique &ndash; An&eacute;mom&egrave;tre<\/p>\n\n\n\n<div data-wp-interactive=\"core\/file\" class=\"wp-block-file\"><object data-wp-bind--hidden=\"!state.hasPdfPreview\" hidden class=\"wp-block-file__embed\" data=\"https:\/\/insyte.website\/WordPress\/wp-content\/uploads\/2024\/01\/TD2_cinematiqueAnemometre.pdf\" type=\"application\/pdf\" style=\"width:100%;height:600px\" aria-label=\"Contenu embarqu&#xE9; TD2_cinematiqueAnemometre.\"><\/object><a id=\"wp-block-file--media-e8ed25ce-c448-42a5-bd19-7d4a3867757b\" href=\"https:\/\/insyte.website\/WordPress\/wp-content\/uploads\/2024\/01\/TD2_cinematiqueAnemometre.pdf\">TD2_cinematiqueAnemometre<\/a><a href=\"https:\/\/insyte.website\/WordPress\/wp-content\/uploads\/2024\/01\/TD2_cinematiqueAnemometre.pdf\" class=\"wp-block-file__button wp-element-button\" download aria-describedby=\"wp-block-file--media-e8ed25ce-c448-42a5-bd19-7d4a3867757b\">T&#xE9;l&#xE9;charger<\/a><\/div>\n\n\n\n<p class=\"has-theme-palette-1-color has-text-color has-link-color has-medium-font-size wp-elements-cb109b1b9d521091bf236219ea08d742\">TD3 Cin&eacute;matique &ndash; Robot &agrave; entra&icirc;nement diff&eacute;rentiel<\/p>\n\n\n\n<div data-wp-interactive=\"core\/file\" class=\"wp-block-file\"><object data-wp-bind--hidden=\"!state.hasPdfPreview\" hidden class=\"wp-block-file__embed\" data=\"https:\/\/insyte.website\/WordPress\/wp-content\/uploads\/2024\/01\/TD3_cinematique___Robot_a_entrainement_differentiel.pdf\" type=\"application\/pdf\" style=\"width:100%;height:600px\" aria-label=\"Contenu embarqu&#xE9; TD3_cinematique___Robot_a_entrainement_differentiel.\"><\/object><a id=\"wp-block-file--media-88209558-b906-4075-be7a-c11238c68dd5\" href=\"https:\/\/insyte.website\/WordPress\/wp-content\/uploads\/2024\/01\/TD3_cinematique___Robot_a_entrainement_differentiel.pdf\">TD3_cinematique___Robot_a_entrainement_differentiel<\/a><a href=\"https:\/\/insyte.website\/WordPress\/wp-content\/uploads\/2024\/01\/TD3_cinematique___Robot_a_entrainement_differentiel.pdf\" class=\"wp-block-file__button wp-element-button\" download aria-describedby=\"wp-block-file--media-88209558-b906-4075-be7a-c11238c68dd5\">T&#xE9;l&#xE9;charger<\/a><\/div>\n\n\n\n<p class=\"has-theme-palette-1-color has-text-color has-link-color has-medium-font-size wp-elements-4b225eb6d363b5bdcd29fad15722df13\">TD4 cin&eacute;matique &ndash; V&eacute;lo &Eacute;lliptique<\/p>\n\n\n\n<div data-wp-interactive=\"core\/file\" class=\"wp-block-file\"><object data-wp-bind--hidden=\"!state.hasPdfPreview\" hidden class=\"wp-block-file__embed\" data=\"https:\/\/insyte.website\/WordPress\/wp-content\/uploads\/2024\/01\/TD4_cinematique___Velo_Elliptique.pdf\" type=\"application\/pdf\" style=\"width:100%;height:600px\" aria-label=\"Contenu embarqu&#xE9; TD4_cinematique___Velo_Elliptique.\"><\/object><a id=\"wp-block-file--media-cfd01f75-bf2e-493f-95b1-5ca436fa1922\" href=\"https:\/\/insyte.website\/WordPress\/wp-content\/uploads\/2024\/01\/TD4_cinematique___Velo_Elliptique.pdf\">TD4_cinematique___Velo_Elliptique<\/a><a href=\"https:\/\/insyte.website\/WordPress\/wp-content\/uploads\/2024\/01\/TD4_cinematique___Velo_Elliptique.pdf\" class=\"wp-block-file__button wp-element-button\" download aria-describedby=\"wp-block-file--media-cfd01f75-bf2e-493f-95b1-5ca436fa1922\">T&#xE9;l&#xE9;charger<\/a><\/div>\n","protected":false},"excerpt":{"rendered":"<p>Turbine &agrave; ailettes &ndash; Calcul du vecteur vitesse par m&eacute;thode de calcul direct Applications sur m&eacute;canismes &eacute;l&eacute;mentaires Calcul de vitesses et acc&eacute;l&eacute;rations par m&eacute;thode de calcul direct du point mat&eacute;riel Calcul de vitesses par les outils de cin&eacute;matique du solide. TD1 V&eacute;rifier les performances cin&eacute;matiques &ndash; g&eacute;n&eacute;ralit&eacute;s TD2 Cin&eacute;matique &ndash; An&eacute;mom&egrave;tre TD3 Cin&eacute;matique &ndash; Robot&hellip;<\/p>\n","protected":false},"author":1,"featured_media":0,"parent":0,"menu_order":0,"comment_status":"closed","ping_status":"closed","template":"","meta":{"_kad_post_transparent":"","_kad_post_title":"","_kad_post_layout":"","_kad_post_sidebar_id":"","_kad_post_content_style":"","_kad_post_vertical_padding":"","_kad_post_feature":"","_kad_post_feature_position":"","_kad_post_header":false,"_kad_post_footer":false,"_kad_post_classname":"","footnotes":""},"wf_page_folders":[36],"class_list":["post-1923","page","type-page","status-publish","hentry"],"yoast_head":"<!-- This site is optimized with the Yoast SEO plugin v27.5 - https:\/\/yoast.com\/product\/yoast-seo-wordpress\/ -->\n<title>TD - Mod\u00e9liser pour pr\u00e9voir les performances cin\u00e9matiques des syst\u00e8mes - Insyte.website<\/title>\n<meta name=\"robots\" content=\"index, follow, max-snippet:-1, max-image-preview:large, max-video-preview:-1\" \/>\n<link rel=\"canonical\" href=\"https:\/\/insyte.website\/WordPress\/td-modeliser-pour-prevoir-les-performances-cinematiques-des-systemes\/\" \/>\n<meta property=\"og:locale\" content=\"fr_FR\" \/>\n<meta property=\"og:type\" content=\"article\" \/>\n<meta property=\"og:title\" content=\"TD - Mod\u00e9liser pour pr\u00e9voir les performances cin\u00e9matiques des syst\u00e8mes - Insyte.website\" \/>\n<meta property=\"og:description\" content=\"Turbine &agrave; ailettes &ndash; Calcul du vecteur vitesse par m&eacute;thode de calcul direct Applications sur m&eacute;canismes &eacute;l&eacute;mentaires Calcul de vitesses et acc&eacute;l&eacute;rations par m&eacute;thode de calcul direct du point mat&eacute;riel Calcul de vitesses par les outils de cin&eacute;matique du solide. TD1 V&eacute;rifier les performances cin&eacute;matiques &ndash; g&eacute;n&eacute;ralit&eacute;s TD2 Cin&eacute;matique &ndash; An&eacute;mom&egrave;tre TD3 Cin&eacute;matique &ndash; Robot...\" \/>\n<meta property=\"og:url\" content=\"https:\/\/insyte.website\/WordPress\/td-modeliser-pour-prevoir-les-performances-cinematiques-des-systemes\/\" \/>\n<meta property=\"og:site_name\" content=\"Insyte.website\" \/>\n<meta property=\"article:modified_time\" content=\"2024-01-18T18:00:37+00:00\" \/>\n<meta name=\"twitter:card\" content=\"summary_large_image\" \/>\n<meta name=\"twitter:label1\" content=\"Dur\u00e9e de lecture estim\u00e9e\" \/>\n\t<meta name=\"twitter:data1\" content=\"1 minute\" \/>\n<script type=\"application\/ld+json\" class=\"yoast-schema-graph\">{\"@context\":\"https:\\\/\\\/schema.org\",\"@graph\":[{\"@type\":\"WebPage\",\"@id\":\"https:\\\/\\\/insyte.website\\\/WordPress\\\/td-modeliser-pour-prevoir-les-performances-cinematiques-des-systemes\\\/\",\"url\":\"https:\\\/\\\/insyte.website\\\/WordPress\\\/td-modeliser-pour-prevoir-les-performances-cinematiques-des-systemes\\\/\",\"name\":\"TD - Mod\u00e9liser pour pr\u00e9voir les performances cin\u00e9matiques des syst\u00e8mes - Insyte.website\",\"isPartOf\":{\"@id\":\"https:\\\/\\\/insyte.website\\\/WordPress\\\/#website\"},\"datePublished\":\"2023-01-16T13:09:43+00:00\",\"dateModified\":\"2024-01-18T18:00:37+00:00\",\"breadcrumb\":{\"@id\":\"https:\\\/\\\/insyte.website\\\/WordPress\\\/td-modeliser-pour-prevoir-les-performances-cinematiques-des-systemes\\\/#breadcrumb\"},\"inLanguage\":\"fr-FR\",\"potentialAction\":[{\"@type\":\"ReadAction\",\"target\":[\"https:\\\/\\\/insyte.website\\\/WordPress\\\/td-modeliser-pour-prevoir-les-performances-cinematiques-des-systemes\\\/\"]}]},{\"@type\":\"BreadcrumbList\",\"@id\":\"https:\\\/\\\/insyte.website\\\/WordPress\\\/td-modeliser-pour-prevoir-les-performances-cinematiques-des-systemes\\\/#breadcrumb\",\"itemListElement\":[{\"@type\":\"ListItem\",\"position\":1,\"name\":\"Home\",\"item\":\"https:\\\/\\\/insyte.website\\\/WordPress\\\/\"},{\"@type\":\"ListItem\",\"position\":2,\"name\":\"TD &#8211; Mod\u00e9liser pour pr\u00e9voir les performances cin\u00e9matiques des syst\u00e8mes\"}]},{\"@type\":\"WebSite\",\"@id\":\"https:\\\/\\\/insyte.website\\\/WordPress\\\/#website\",\"url\":\"https:\\\/\\\/insyte.website\\\/WordPress\\\/\",\"name\":\"Insyte.website\",\"description\":\"Tout est simple \u00e0 qui fait l&#039;effort de comprendre...\",\"publisher\":{\"@id\":\"https:\\\/\\\/insyte.website\\\/WordPress\\\/#organization\"},\"potentialAction\":[{\"@type\":\"SearchAction\",\"target\":{\"@type\":\"EntryPoint\",\"urlTemplate\":\"https:\\\/\\\/insyte.website\\\/WordPress\\\/?s={search_term_string}\"},\"query-input\":{\"@type\":\"PropertyValueSpecification\",\"valueRequired\":true,\"valueName\":\"search_term_string\"}}],\"inLanguage\":\"fr-FR\"},{\"@type\":\"Organization\",\"@id\":\"https:\\\/\\\/insyte.website\\\/WordPress\\\/#organization\",\"name\":\"Insyte.website\",\"url\":\"https:\\\/\\\/insyte.website\\\/WordPress\\\/\",\"logo\":{\"@type\":\"ImageObject\",\"inLanguage\":\"fr-FR\",\"@id\":\"https:\\\/\\\/insyte.website\\\/WordPress\\\/#\\\/schema\\\/logo\\\/image\\\/\",\"url\":\"https:\\\/\\\/insyte.website\\\/WordPress\\\/wp-content\\\/uploads\\\/2022\\\/09\\\/cropped-InSyTeRogne400px.jpg\",\"contentUrl\":\"https:\\\/\\\/insyte.website\\\/WordPress\\\/wp-content\\\/uploads\\\/2022\\\/09\\\/cropped-InSyTeRogne400px.jpg\",\"width\":400,\"height\":160,\"caption\":\"Insyte.website\"},\"image\":{\"@id\":\"https:\\\/\\\/insyte.website\\\/WordPress\\\/#\\\/schema\\\/logo\\\/image\\\/\"}}]}<\/script>\n<!-- \/ Yoast SEO plugin. -->","yoast_head_json":{"title":"TD - Mod\u00e9liser pour pr\u00e9voir les performances cin\u00e9matiques des syst\u00e8mes - Insyte.website","robots":{"index":"index","follow":"follow","max-snippet":"max-snippet:-1","max-image-preview":"max-image-preview:large","max-video-preview":"max-video-preview:-1"},"canonical":"https:\/\/insyte.website\/WordPress\/td-modeliser-pour-prevoir-les-performances-cinematiques-des-systemes\/","og_locale":"fr_FR","og_type":"article","og_title":"TD - Mod\u00e9liser pour pr\u00e9voir les performances cin\u00e9matiques des syst\u00e8mes - Insyte.website","og_description":"Turbine &agrave; ailettes &ndash; Calcul du vecteur vitesse par m&eacute;thode de calcul direct Applications sur m&eacute;canismes &eacute;l&eacute;mentaires Calcul de vitesses et acc&eacute;l&eacute;rations par m&eacute;thode de calcul direct du point mat&eacute;riel Calcul de vitesses par les outils de cin&eacute;matique du solide. TD1 V&eacute;rifier les performances cin&eacute;matiques &ndash; g&eacute;n&eacute;ralit&eacute;s TD2 Cin&eacute;matique &ndash; An&eacute;mom&egrave;tre TD3 Cin&eacute;matique &ndash; Robot...","og_url":"https:\/\/insyte.website\/WordPress\/td-modeliser-pour-prevoir-les-performances-cinematiques-des-systemes\/","og_site_name":"Insyte.website","article_modified_time":"2024-01-18T18:00:37+00:00","twitter_card":"summary_large_image","twitter_misc":{"Dur\u00e9e de lecture estim\u00e9e":"1 minute"},"schema":{"@context":"https:\/\/schema.org","@graph":[{"@type":"WebPage","@id":"https:\/\/insyte.website\/WordPress\/td-modeliser-pour-prevoir-les-performances-cinematiques-des-systemes\/","url":"https:\/\/insyte.website\/WordPress\/td-modeliser-pour-prevoir-les-performances-cinematiques-des-systemes\/","name":"TD - Mod\u00e9liser pour pr\u00e9voir les performances cin\u00e9matiques des syst\u00e8mes - Insyte.website","isPartOf":{"@id":"https:\/\/insyte.website\/WordPress\/#website"},"datePublished":"2023-01-16T13:09:43+00:00","dateModified":"2024-01-18T18:00:37+00:00","breadcrumb":{"@id":"https:\/\/insyte.website\/WordPress\/td-modeliser-pour-prevoir-les-performances-cinematiques-des-systemes\/#breadcrumb"},"inLanguage":"fr-FR","potentialAction":[{"@type":"ReadAction","target":["https:\/\/insyte.website\/WordPress\/td-modeliser-pour-prevoir-les-performances-cinematiques-des-systemes\/"]}]},{"@type":"BreadcrumbList","@id":"https:\/\/insyte.website\/WordPress\/td-modeliser-pour-prevoir-les-performances-cinematiques-des-systemes\/#breadcrumb","itemListElement":[{"@type":"ListItem","position":1,"name":"Home","item":"https:\/\/insyte.website\/WordPress\/"},{"@type":"ListItem","position":2,"name":"TD &#8211; Mod\u00e9liser pour pr\u00e9voir les performances cin\u00e9matiques des syst\u00e8mes"}]},{"@type":"WebSite","@id":"https:\/\/insyte.website\/WordPress\/#website","url":"https:\/\/insyte.website\/WordPress\/","name":"Insyte.website","description":"Tout est simple \u00e0 qui fait l&#039;effort de comprendre...","publisher":{"@id":"https:\/\/insyte.website\/WordPress\/#organization"},"potentialAction":[{"@type":"SearchAction","target":{"@type":"EntryPoint","urlTemplate":"https:\/\/insyte.website\/WordPress\/?s={search_term_string}"},"query-input":{"@type":"PropertyValueSpecification","valueRequired":true,"valueName":"search_term_string"}}],"inLanguage":"fr-FR"},{"@type":"Organization","@id":"https:\/\/insyte.website\/WordPress\/#organization","name":"Insyte.website","url":"https:\/\/insyte.website\/WordPress\/","logo":{"@type":"ImageObject","inLanguage":"fr-FR","@id":"https:\/\/insyte.website\/WordPress\/#\/schema\/logo\/image\/","url":"https:\/\/insyte.website\/WordPress\/wp-content\/uploads\/2022\/09\/cropped-InSyTeRogne400px.jpg","contentUrl":"https:\/\/insyte.website\/WordPress\/wp-content\/uploads\/2022\/09\/cropped-InSyTeRogne400px.jpg","width":400,"height":160,"caption":"Insyte.website"},"image":{"@id":"https:\/\/insyte.website\/WordPress\/#\/schema\/logo\/image\/"}}]}},"_links":{"self":[{"href":"https:\/\/insyte.website\/WordPress\/wp-json\/wp\/v2\/pages\/1923","targetHints":{"allow":["GET"]}}],"collection":[{"href":"https:\/\/insyte.website\/WordPress\/wp-json\/wp\/v2\/pages"}],"about":[{"href":"https:\/\/insyte.website\/WordPress\/wp-json\/wp\/v2\/types\/page"}],"author":[{"embeddable":true,"href":"https:\/\/insyte.website\/WordPress\/wp-json\/wp\/v2\/users\/1"}],"replies":[{"embeddable":true,"href":"https:\/\/insyte.website\/WordPress\/wp-json\/wp\/v2\/comments?post=1923"}],"version-history":[{"count":4,"href":"https:\/\/insyte.website\/WordPress\/wp-json\/wp\/v2\/pages\/1923\/revisions"}],"predecessor-version":[{"id":2262,"href":"https:\/\/insyte.website\/WordPress\/wp-json\/wp\/v2\/pages\/1923\/revisions\/2262"}],"wp:attachment":[{"href":"https:\/\/insyte.website\/WordPress\/wp-json\/wp\/v2\/media?parent=1923"}],"wp:term":[{"taxonomy":"wf_page_folders","embeddable":true,"href":"https:\/\/insyte.website\/WordPress\/wp-json\/wp\/v2\/wf_page_folders?post=1923"}],"curies":[{"name":"wp","href":"https:\/\/api.w.org\/{rel}","templated":true}]}}