{"id":1855,"date":"2022-12-12T13:29:48","date_gmt":"2022-12-12T13:29:48","guid":{"rendered":"https:\/\/insyte.website\/WordPress\/?page_id=1855"},"modified":"2023-01-16T13:01:40","modified_gmt":"2023-01-16T13:01:40","slug":"cours-analyser-et-modeliser-la-chaine-de-solides-realisant-la-transmission-mecanique-dans-la-chaine-denergie","status":"publish","type":"page","link":"https:\/\/insyte.website\/WordPress\/cours-analyser-et-modeliser-la-chaine-de-solides-realisant-la-transmission-mecanique-dans-la-chaine-denergie\/","title":{"rendered":"Cours &#8211; Analyser et mod\u00e9liser la cha\u00eene de solides r\u00e9alisant la transmission m\u00e9canique dans la cha\u00eene d\u2019\u00e9nergie"},"content":{"rendered":"<div data-wp-interactive=\"core\/file\" class=\"wp-block-file\"><object data-wp-bind--hidden=\"!state.hasPdfPreview\" hidden class=\"wp-block-file__embed\" data=\"https:\/\/insyte.website\/WordPress\/wp-content\/uploads\/2022\/12\/Cours_ModelisationCinematiqueDesMecanismes.pdf\" type=\"application\/pdf\" style=\"width:100%;height:600px\" aria-label=\"Contenu embarqu&#xE9; Cours_ModelisationCinematiqueDesMecanismes.\"><\/object><a id=\"wp-block-file--media-cf9f4aaa-4d51-4b01-941d-f50997057ada\" href=\"https:\/\/insyte.website\/WordPress\/wp-content\/uploads\/2022\/12\/Cours_ModelisationCinematiqueDesMecanismes.pdf\">Cours_ModelisationCinematiqueDesMecanismes<\/a><a href=\"https:\/\/insyte.website\/WordPress\/wp-content\/uploads\/2022\/12\/Cours_ModelisationCinematiqueDesMecanismes.pdf\" class=\"wp-block-file__button wp-element-button\" download aria-describedby=\"wp-block-file--media-cf9f4aaa-4d51-4b01-941d-f50997057ada\">T&#xE9;l&#xE9;charger<\/a><\/div>\n","protected":false},"excerpt":{"rendered":"","protected":false},"author":1,"featured_media":0,"parent":0,"menu_order":0,"comment_status":"closed","ping_status":"closed","template":"","meta":{"_kad_post_transparent":"","_kad_post_title":"","_kad_post_layout":"","_kad_post_sidebar_id":"","_kad_post_content_style":"","_kad_post_vertical_padding":"","_kad_post_feature":"","_kad_post_feature_position":"","_kad_post_header":false,"_kad_post_footer":false,"_kad_post_classname":"","footnotes":""},"wf_page_folders":[34],"class_list":["post-1855","page","type-page","status-publish","hentry"],"yoast_head":"<!-- This site is optimized with the Yoast SEO plugin v27.5 - https:\/\/yoast.com\/product\/yoast-seo-wordpress\/ -->\n<title>Cours - Analyser et mod\u00e9liser la cha\u00eene de solides r\u00e9alisant la transmission m\u00e9canique dans la cha\u00eene d\u2019\u00e9nergie - Insyte.website<\/title>\n<meta name=\"robots\" content=\"index, follow, max-snippet:-1, max-image-preview:large, max-video-preview:-1\" \/>\n<link rel=\"canonical\" href=\"https:\/\/insyte.website\/WordPress\/cours-analyser-et-modeliser-la-chaine-de-solides-realisant-la-transmission-mecanique-dans-la-chaine-denergie\/\" \/>\n<meta property=\"og:locale\" content=\"fr_FR\" \/>\n<meta property=\"og:type\" content=\"article\" \/>\n<meta property=\"og:title\" content=\"Cours - Analyser et mod\u00e9liser la cha\u00eene de solides r\u00e9alisant la transmission m\u00e9canique dans la cha\u00eene d\u2019\u00e9nergie - Insyte.website\" \/>\n<meta property=\"og:url\" content=\"https:\/\/insyte.website\/WordPress\/cours-analyser-et-modeliser-la-chaine-de-solides-realisant-la-transmission-mecanique-dans-la-chaine-denergie\/\" \/>\n<meta property=\"og:site_name\" content=\"Insyte.website\" \/>\n<meta property=\"article:modified_time\" content=\"2023-01-16T13:01:40+00:00\" \/>\n<meta name=\"twitter:card\" content=\"summary_large_image\" \/>\n<script type=\"application\/ld+json\" class=\"yoast-schema-graph\">{\"@context\":\"https:\\\/\\\/schema.org\",\"@graph\":[{\"@type\":\"WebPage\",\"@id\":\"https:\\\/\\\/insyte.website\\\/WordPress\\\/cours-analyser-et-modeliser-la-chaine-de-solides-realisant-la-transmission-mecanique-dans-la-chaine-denergie\\\/\",\"url\":\"https:\\\/\\\/insyte.website\\\/WordPress\\\/cours-analyser-et-modeliser-la-chaine-de-solides-realisant-la-transmission-mecanique-dans-la-chaine-denergie\\\/\",\"name\":\"Cours - Analyser et mod\u00e9liser la cha\u00eene de solides r\u00e9alisant la transmission m\u00e9canique dans la cha\u00eene d\u2019\u00e9nergie - Insyte.website\",\"isPartOf\":{\"@id\":\"https:\\\/\\\/insyte.website\\\/WordPress\\\/#website\"},\"datePublished\":\"2022-12-12T13:29:48+00:00\",\"dateModified\":\"2023-01-16T13:01:40+00:00\",\"breadcrumb\":{\"@id\":\"https:\\\/\\\/insyte.website\\\/WordPress\\\/cours-analyser-et-modeliser-la-chaine-de-solides-realisant-la-transmission-mecanique-dans-la-chaine-denergie\\\/#breadcrumb\"},\"inLanguage\":\"fr-FR\",\"potentialAction\":[{\"@type\":\"ReadAction\",\"target\":[\"https:\\\/\\\/insyte.website\\\/WordPress\\\/cours-analyser-et-modeliser-la-chaine-de-solides-realisant-la-transmission-mecanique-dans-la-chaine-denergie\\\/\"]}]},{\"@type\":\"BreadcrumbList\",\"@id\":\"https:\\\/\\\/insyte.website\\\/WordPress\\\/cours-analyser-et-modeliser-la-chaine-de-solides-realisant-la-transmission-mecanique-dans-la-chaine-denergie\\\/#breadcrumb\",\"itemListElement\":[{\"@type\":\"ListItem\",\"position\":1,\"name\":\"Home\",\"item\":\"https:\\\/\\\/insyte.website\\\/WordPress\\\/\"},{\"@type\":\"ListItem\",\"position\":2,\"name\":\"Cours &#8211; Analyser et mod\u00e9liser la cha\u00eene de solides r\u00e9alisant la transmission m\u00e9canique dans la cha\u00eene d\u2019\u00e9nergie\"}]},{\"@type\":\"WebSite\",\"@id\":\"https:\\\/\\\/insyte.website\\\/WordPress\\\/#website\",\"url\":\"https:\\\/\\\/insyte.website\\\/WordPress\\\/\",\"name\":\"Insyte.website\",\"description\":\"Tout est simple \u00e0 qui fait l&#039;effort de comprendre...\",\"publisher\":{\"@id\":\"https:\\\/\\\/insyte.website\\\/WordPress\\\/#organization\"},\"potentialAction\":[{\"@type\":\"SearchAction\",\"target\":{\"@type\":\"EntryPoint\",\"urlTemplate\":\"https:\\\/\\\/insyte.website\\\/WordPress\\\/?s={search_term_string}\"},\"query-input\":{\"@type\":\"PropertyValueSpecification\",\"valueRequired\":true,\"valueName\":\"search_term_string\"}}],\"inLanguage\":\"fr-FR\"},{\"@type\":\"Organization\",\"@id\":\"https:\\\/\\\/insyte.website\\\/WordPress\\\/#organization\",\"name\":\"Insyte.website\",\"url\":\"https:\\\/\\\/insyte.website\\\/WordPress\\\/\",\"logo\":{\"@type\":\"ImageObject\",\"inLanguage\":\"fr-FR\",\"@id\":\"https:\\\/\\\/insyte.website\\\/WordPress\\\/#\\\/schema\\\/logo\\\/image\\\/\",\"url\":\"https:\\\/\\\/insyte.website\\\/WordPress\\\/wp-content\\\/uploads\\\/2022\\\/09\\\/cropped-InSyTeRogne400px.jpg\",\"contentUrl\":\"https:\\\/\\\/insyte.website\\\/WordPress\\\/wp-content\\\/uploads\\\/2022\\\/09\\\/cropped-InSyTeRogne400px.jpg\",\"width\":400,\"height\":160,\"caption\":\"Insyte.website\"},\"image\":{\"@id\":\"https:\\\/\\\/insyte.website\\\/WordPress\\\/#\\\/schema\\\/logo\\\/image\\\/\"}}]}<\/script>\n<!-- \/ Yoast SEO plugin. -->","yoast_head_json":{"title":"Cours - Analyser et mod\u00e9liser la cha\u00eene de solides r\u00e9alisant la transmission m\u00e9canique dans la cha\u00eene d\u2019\u00e9nergie - Insyte.website","robots":{"index":"index","follow":"follow","max-snippet":"max-snippet:-1","max-image-preview":"max-image-preview:large","max-video-preview":"max-video-preview:-1"},"canonical":"https:\/\/insyte.website\/WordPress\/cours-analyser-et-modeliser-la-chaine-de-solides-realisant-la-transmission-mecanique-dans-la-chaine-denergie\/","og_locale":"fr_FR","og_type":"article","og_title":"Cours - Analyser et mod\u00e9liser la cha\u00eene de solides r\u00e9alisant la transmission m\u00e9canique dans la cha\u00eene d\u2019\u00e9nergie - Insyte.website","og_url":"https:\/\/insyte.website\/WordPress\/cours-analyser-et-modeliser-la-chaine-de-solides-realisant-la-transmission-mecanique-dans-la-chaine-denergie\/","og_site_name":"Insyte.website","article_modified_time":"2023-01-16T13:01:40+00:00","twitter_card":"summary_large_image","schema":{"@context":"https:\/\/schema.org","@graph":[{"@type":"WebPage","@id":"https:\/\/insyte.website\/WordPress\/cours-analyser-et-modeliser-la-chaine-de-solides-realisant-la-transmission-mecanique-dans-la-chaine-denergie\/","url":"https:\/\/insyte.website\/WordPress\/cours-analyser-et-modeliser-la-chaine-de-solides-realisant-la-transmission-mecanique-dans-la-chaine-denergie\/","name":"Cours - Analyser et mod\u00e9liser la cha\u00eene de solides r\u00e9alisant la transmission m\u00e9canique dans la cha\u00eene d\u2019\u00e9nergie - Insyte.website","isPartOf":{"@id":"https:\/\/insyte.website\/WordPress\/#website"},"datePublished":"2022-12-12T13:29:48+00:00","dateModified":"2023-01-16T13:01:40+00:00","breadcrumb":{"@id":"https:\/\/insyte.website\/WordPress\/cours-analyser-et-modeliser-la-chaine-de-solides-realisant-la-transmission-mecanique-dans-la-chaine-denergie\/#breadcrumb"},"inLanguage":"fr-FR","potentialAction":[{"@type":"ReadAction","target":["https:\/\/insyte.website\/WordPress\/cours-analyser-et-modeliser-la-chaine-de-solides-realisant-la-transmission-mecanique-dans-la-chaine-denergie\/"]}]},{"@type":"BreadcrumbList","@id":"https:\/\/insyte.website\/WordPress\/cours-analyser-et-modeliser-la-chaine-de-solides-realisant-la-transmission-mecanique-dans-la-chaine-denergie\/#breadcrumb","itemListElement":[{"@type":"ListItem","position":1,"name":"Home","item":"https:\/\/insyte.website\/WordPress\/"},{"@type":"ListItem","position":2,"name":"Cours &#8211; Analyser et mod\u00e9liser la cha\u00eene de solides r\u00e9alisant la transmission m\u00e9canique dans la cha\u00eene d\u2019\u00e9nergie"}]},{"@type":"WebSite","@id":"https:\/\/insyte.website\/WordPress\/#website","url":"https:\/\/insyte.website\/WordPress\/","name":"Insyte.website","description":"Tout est simple \u00e0 qui fait l&#039;effort de comprendre...","publisher":{"@id":"https:\/\/insyte.website\/WordPress\/#organization"},"potentialAction":[{"@type":"SearchAction","target":{"@type":"EntryPoint","urlTemplate":"https:\/\/insyte.website\/WordPress\/?s={search_term_string}"},"query-input":{"@type":"PropertyValueSpecification","valueRequired":true,"valueName":"search_term_string"}}],"inLanguage":"fr-FR"},{"@type":"Organization","@id":"https:\/\/insyte.website\/WordPress\/#organization","name":"Insyte.website","url":"https:\/\/insyte.website\/WordPress\/","logo":{"@type":"ImageObject","inLanguage":"fr-FR","@id":"https:\/\/insyte.website\/WordPress\/#\/schema\/logo\/image\/","url":"https:\/\/insyte.website\/WordPress\/wp-content\/uploads\/2022\/09\/cropped-InSyTeRogne400px.jpg","contentUrl":"https:\/\/insyte.website\/WordPress\/wp-content\/uploads\/2022\/09\/cropped-InSyTeRogne400px.jpg","width":400,"height":160,"caption":"Insyte.website"},"image":{"@id":"https:\/\/insyte.website\/WordPress\/#\/schema\/logo\/image\/"}}]}},"_links":{"self":[{"href":"https:\/\/insyte.website\/WordPress\/wp-json\/wp\/v2\/pages\/1855","targetHints":{"allow":["GET"]}}],"collection":[{"href":"https:\/\/insyte.website\/WordPress\/wp-json\/wp\/v2\/pages"}],"about":[{"href":"https:\/\/insyte.website\/WordPress\/wp-json\/wp\/v2\/types\/page"}],"author":[{"embeddable":true,"href":"https:\/\/insyte.website\/WordPress\/wp-json\/wp\/v2\/users\/1"}],"replies":[{"embeddable":true,"href":"https:\/\/insyte.website\/WordPress\/wp-json\/wp\/v2\/comments?post=1855"}],"version-history":[{"count":2,"href":"https:\/\/insyte.website\/WordPress\/wp-json\/wp\/v2\/pages\/1855\/revisions"}],"predecessor-version":[{"id":1871,"href":"https:\/\/insyte.website\/WordPress\/wp-json\/wp\/v2\/pages\/1855\/revisions\/1871"}],"wp:attachment":[{"href":"https:\/\/insyte.website\/WordPress\/wp-json\/wp\/v2\/media?parent=1855"}],"wp:term":[{"taxonomy":"wf_page_folders","embeddable":true,"href":"https:\/\/insyte.website\/WordPress\/wp-json\/wp\/v2\/wf_page_folders?post=1855"}],"curies":[{"name":"wp","href":"https:\/\/api.w.org\/{rel}","templated":true}]}}